{"id":143,"date":"2018-03-18T19:07:34","date_gmt":"2018-03-18T18:07:34","guid":{"rendered":"http:\/\/plug.izone.be\/cap-ciel-bxl\/?page_id=143"},"modified":"2020-04-03T17:53:25","modified_gmt":"2020-04-03T15:53:25","slug":"eglises","status":"publish","type":"page","link":"http:\/\/plug.izone.be\/cap-ciel-bxl\/changer-de-cap\/eglises\/","title":{"rendered":"\u00c9glises"},"content":{"rendered":"<p>[vc_row][vc_column][vc_message icon_fontawesome=\u00a0\u00bbfas fa-bullhorn\u00a0\u00bb]<\/p>\n<p style=\"font-weight: 400;\">Les Pr\u00e9montr\u00e9s mis \u00e0 la porte de la Cambre : signez la p\u00e9tition<\/p>\n<p><a href=\"http:\/\/plug.izone.be\/cap-ciel-bxl\/wp-content\/uploads\/sites\/13\/2020\/04\/Les-Pr\u00e9montr\u00e9s-mis-\u00e0-la-porte-de-La-Cambre.pdf\">Les Pr\u00e9montr\u00e9s mis \u00e0 la porte de La Cambre<\/a>[\/vc_message][vc_message message_box_color=\u00a0\u00bbwarning\u00a0\u00bb icon_type=\u00a0\u00bbpixelicons\u00a0\u00bb icon_pixelicons=\u00a0\u00bbvc_pixel_icon vc_pixel_icon-balloon\u00a0\u00bb]<\/p>\n<p style=\"font-weight: 400;\">Les Pr\u00e9montr\u00e9s mis \u00e0 la porte de la Cambre : signez la p\u00e9tition<\/p>\n<p><a href=\"http:\/\/plug.izone.be\/cap-ciel-bxl\/wp-content\/uploads\/sites\/13\/2020\/04\/Les-Pr\u00e9montr\u00e9s-mis-\u00e0-la-porte-de-La-Cambre.pdf\">Les Pr\u00e9montr\u00e9s mis \u00e0 la porte de La Cambre<\/a><\/p>\n<p>Chers Amis,<br \/>\nNous avons tous \u00e9t\u00e9 secou\u00e9s par l&rsquo;annonce brutale, par voie de communiqu\u00e9 de presse, du d\u00e9part prochain de l&rsquo;Abbaye de La Cambre des P\u00e8res Hugues et Tanguy.<br \/>\n(Voici le communiqu\u00e9) <a href=\"https:\/\/www.cathobel.be\/2020\/04\/la-communaute-des-premontres-va-quitter-la-cambre\/\">https:\/\/www.cathobel.be\/2020\/04\/la-communaute-des-premontres-va-quitter-la-cambre\/<\/a> Le communiqu\u00e9 indique que ce d\u00e9part est n\u00e9cessaire \u00ab\u00a0vu les d\u00e9fis pastoraux de l&rsquo;Eglise de Bruxelles\u00a0\u00bb. Nous savons par ailleurs que l&rsquo;Abbaye de Leffe n&rsquo;est pas demandeuse de ces changements.<\/p>\n<p>Voici un article publi\u00e9 en r\u00e9action: <a href=\"http:\/\/belgicatho.hautetfort.com\/archive\/2020\/04\/02\/les-premontres-vont-quitter-l-abbaye-de-la-cambre-6226224.html\">http:\/\/belgicatho.hautetfort.com\/archive\/2020\/04\/02\/les-premontres-vont-quitter-l-abbaye-de-la-cambre-6226224.html<\/a><br \/>\nFace \u00e0 cette criante absence d&rsquo;explications et dans l&rsquo;espoir de concilier les visions de toutes les parties prenantes, des paroissiens se sont organis\u00e9s pour composer la lettre ci-jointe, \u00e0 l&rsquo;attention de Mgr Kockerols. Nous lui demandons plus de clart\u00e9 quant \u00e0 cette incompr\u00e9hensible d\u00e9cision qui ne tient aucun compte des besoins des fid\u00e8les, ainsi qu&rsquo;un \u00e9clairage quant \u00e0 ses projets pour la paroisse de La Cambre.<\/p>\n<p>Nous proposons \u00e0 tout le monde de prier le chapelet ce samedi 4 avril \u00e0 cette intention.<\/p>\n<p>CARITAS IN VERITATE!<br \/>\nSi vous \u00eates d&rsquo;accord de cosigner cette lettre et si vous connaissez des paroissiens dans votre entourage, proposez-leur cette lettre car nous n&rsquo;avons pas les e-mails de tout le monde. Pour signer la lettre, il suffit simplement d&rsquo;envoyer votre pr\u00e9nom, nom, adresse et e-mail \u00e0: <a href=\"mailto:lettrelacambre@gmail.com\">lettrelacambre@gmail.com<\/a>[\/vc_message][vc_column_text]<\/p>\n<h3><span style=\"color: #3366ff\">1. Changer de cap<\/span><\/h3>\n<p>Question pr\u00e9alable: est-ce la r\u00e9duction des pratiquants qui explique la volont\u00e9 de r\u00e9duire les \u00e9glises paroissiales (et des messes)? N&rsquo;est-ce pas plut\u00f4t\u00a0 la volont\u00e9 de r\u00e9duire les \u00e9glises paroissiales (et des messes) qui explique la r\u00e9duction des pratiquants?<\/p>\n<h3><span style=\"color: #000000\">-Cap actuel<\/span><\/h3>\n<ul>\n<li><span style=\"color: #000000\">Concentrer l\u2019essentiel de la vie liturgique et pastorale dans une \u00e9glise principale, une\u00a0\u00ab\u00a0\u00e9glise-phare\u00a0\u00bb, \u00ab\u00a0l\u2019\u00e9glise d\u2019Unit\u00e9\u00a0\u00bb.<\/span><\/li>\n<li><span style=\"color: #000000\">Les autres \u00e9glises paroissiales seront peu \u00e0 peu r\u00e9affect\u00e9es, au cas par cas:<\/span>\n<ol>\n<li><span style=\"color: #000000\">soit en une <u>affectation pastorale secondaire<\/u>, mixte ou p\u00e9riph\u00e9rique (mais perdront sans doute leur statut paroissial), au sein de l\u2019UP.<\/span><\/li>\n<li><span style=\"color: #000000\">soit <u>c\u00e9d\u00e9es ou lou\u00e9es ou vendues \u00e0 des communaut\u00e9s catholiques \u00e9trang\u00e8res<\/u> (mais perdront leur statut paroissial et public)<\/span><\/li>\n<li><span style=\"color: #000000\">soit <u>c\u00e9d\u00e9es ou lou\u00e9es ou vendues \u00e0 des communaut\u00e9s chr\u00e9tiennes non catholiques<\/u> (mais perdront leur statut paroissial, public et la Pr\u00e9sence R\u00e9elle dans le tabernacle de l\u2019\u00e9glise)<\/span><\/li>\n<li><span style=\"color: #000000\">soit <u>d\u00e9sacralis\u00e9es et r\u00e9affect\u00e9es en un usage profane<\/u>.<\/span><\/li>\n<\/ol>\n<\/li>\n<\/ul>\n<p><span style=\"color: #000000\">En conclusion, on tend vers un m<strong>inimum d\u2019\u00e9glises catholiques \u00ab\u00a0paroissiales\u00a0\u00bb<\/strong> (sachant que ce langage est d\u00e9sormais banni), c\u2019est-\u00e0-dire <b>publiques<\/b>, offrant un accueil spirituel, social et moral \u00e0 tous, soutenues si n\u00e9cessaires par les imp\u00f4ts publics (en \u00e9change de la plus-value et du service public qu\u2019offrent nos \u00e9glises et en compensation des biens d\u2019Eglise confisqu\u00e9s par l\u2019Etat \u00e0 la R\u00e9volution fran\u00e7aise), habit\u00e9es par la Pr\u00e9sence R\u00e9elle du Christ.<\/span><\/p>\n<h3><span style=\"color: #000000\">-Cap missionnaire<\/span><\/h3>\n<p><span style=\"color: #000000\">Garder toutes nos \u00e9glises paroissiales de proximit\u00e9, vivantes et ouvertes, autant de \u00ab\u00a0maisons de Dieu\u00a0\u00bb, au milieu de son peuple, ouvertes \u00e0 tous. <\/span><\/p>\n<p><span style=\"color: #000000\">Inviter les paroissiens \u00e0 y visiter le Christ, y prier, y conduire autrui\u2026<\/span><\/p>\n<p><span style=\"color: #000000\">Les partager et y accueillir \u00e9ventuellement d\u2019autres communaut\u00e9s chr\u00e9tiennes, sans perdre pour autant leur statut paroissial catholique et public<\/span><\/p>\n<p><span style=\"color: #000000\">Consid\u00e9rer nos \u00e9glises non pas comme une charge publique (Budget du culte \u00e0 Bxl= 0,01% du budget global ordinaire communal; 0,12% du budget global extraordinaire; 1 EU \/an\/habitant pour la R\u00e9gion qui entretient nos \u00e9glises class\u00e9es)\u00a0 mais comme une plus-value et un service public.<\/span><\/p>\n<p><span style=\"color: #ff6600\">Conclusions: \u2013<b>Garder toutes nos chapelles et \u00e9glises<\/b>\u00a0comme lieux de culte catholique principalement (et non pas les vendre, ni les r\u00e9affecter); encourager les pr\u00eatres \u00e0 ouvrir et remplir leurs \u00e9glises (et non plus \u00e0 les fermer et \u00e0 les vider), \u00e9ventuellement \u00e0 les partager dans les r\u00e8gles canoniques et civiles strictes.<\/span><\/p>\n<h3><span style=\"color: #3366ff\">2. Actualit\u00e9<\/span><\/h3>\n<p>&#8211;<a href=\"http:\/\/plug.izone.be\/cap-ciel-bxl\/wp-content\/uploads\/sites\/13\/2018\/04\/Paroisse-et-\u00e9glise-Saint-Bernard-St-Gilles.pdf\">Eglise Saint Bernard (Saint Gilles)<\/a><\/p>\n<p>Derni\u00e8re nouvelle de l&rsquo;UP St Gilles: \u00ab\u00a0<em>o\u00f9 et quand le d\u00e9mant\u00e8lement de l\u2019UP St-Gilles s\u2019arr\u00eatera-t-il?<\/em>\u00ab\u00a0, nous \u00e9crit un paroissien; \u00ab\u00a0<em>apr\u00e8s la vente de l\u2019Aegidium, la liquidation de la Fabrique de Ste-Al\u00e8ne et le remplacement de son pr\u00e9sident, le projet de d\u00e9molition et vente de St-Antoine, la s\u00e9paration des centres PMS de l\u2019AOP, la prise de contr\u00f4le de la Fabrique de St-Gilles et le remplacement de son pr\u00e9sident, la dissolution de la paroisse St-Bernard, liquidation de son conseil de fabrique et vente de l\u2019\u00e9glise, etc, le cur\u00e9 Michel Christiaens a d\u00e9cid\u00e9 unilat\u00e9ralement de rompre la convention pour les scouts et guides de Ste Al\u00e8ne, de mise \u00e0 disposition des locaux en vue d\u2019y am\u00e9nager un complexe de logements, bureaux et salles de r\u00e9unions<\/em>\u2026\u00a0\u00bb. L&rsquo;argent. Toujours l&rsquo;argent. Mais quid d&rsquo;une pastorale vraiment missionnaire?<\/p>\n<p>&#8211;<a href=\"http:\/\/plug.izone.be\/cap-ciel-bxl\/wp-content\/uploads\/sites\/13\/2018\/04\/Paroisse-et-\u00e9glise-du-B\u00e9guinage.pdf\">Eglise du B\u00e9guinage (Bruxelles)<\/a><\/p>\n<p>&nbsp;[\/vc_column_text][\/vc_column][\/vc_row][vc_row][vc_column][dt_fancy_title title=\u00a0\u00bbAnnexes\u00a0\u00bb title_size=\u00a0\u00bbh2&Prime; title_color=\u00a0\u00bbaccent\u00a0\u00bb separator_style=\u00a0\u00bbdotted\u00a0\u00bb][vc_column_text]<\/p>\n<h3><span style=\"color: #000000\">-Reaffectation des \u00e9glises \u00e0 Bxl: note politique du vicariat par Mgr Kockerols\u00a0<\/span><\/h3>\n<p><span style=\"color: #0000ff\"><a style=\"color: #0000ff\" href=\"https:\/\/www.catho-bruxelles.be\/wp-content\/uploads\/2016\/11\/Les-\u00e9glises-dans-la-ville-OK.pdf\">https:\/\/www.catho-bruxelles.be\/w<\/a>p-content\/uploads\/2016\/11\/Les-\u00e9glises-dans-la-ville-OK.pdf<\/span><\/p>\n<h3><span style=\"color: #000000\">-Contre-Argumentaire du collectif-interparoissial : pourquoi garder toutes nos \u00e9glises<\/span><\/h3>\n<h3><span style=\"color: #000000\"><a style=\"color: #000000\" href=\"http:\/\/plug.izone.be\/cap-ciel-bxl\/wp-content\/uploads\/sites\/13\/2018\/03\/Eglises-paroissiales-Argumentaire-crois\u00e9.pdf\"><span style=\"color: #0000ff\"><strong>Eglises paroissiales &#8211; Argumentaire crois\u00e9<\/strong><\/span><\/a><\/span><\/h3>\n<p><span style=\"color: #000000\">-Article LLB Collectif inter-paroissial<\/span><br \/>\n<a href=\"http:\/\/plug.izone.be\/cap-ciel-bxl\/wp-content\/uploads\/sites\/13\/2018\/03\/Ne-fermez-pas-nos-\u00e9glises-La-Libre-10-6-2016.pdf\">Ne fermez pas nos \u00e9glises ! &#8211; La Libre 10-6-2016<\/a><\/p>\n<h3><span style=\"color: #000000\"><strong>-R\u00e9affectations\u00a0 (partielles) en cours<\/strong><\/span><\/h3>\n<p><span style=\"color: #000000\"> voir note politique du vicariat :\u00a0<a href=\"https:\/\/www.catho-bruxelles.be\/wp-content\/uploads\/2016\/11\/Les-%C3%A9glises-dans-la-ville-OK.pdf\">https:\/\/www.catho-bruxelles.be\/wp-content\/uploads\/2016\/11\/Les-%C3%A9glises-dans-la-ville-OK.pdf<\/a><\/span><\/p>\n<p><a href=\"http:\/\/plug.izone.be\/cap-ciel-bxl\/wp-content\/uploads\/sites\/13\/2018\/06\/Eglises-r\u00e9affect\u00e9es.pdf\" target=\"_blank\" rel=\"noopener noreferrer\">Listing r\u00e9guli\u00e8rement mis \u00e0 jour par le collectif inter paroissial (\u00e0 corriger, compl\u00e9ter\u2026)\u00a0<\/a><\/p>\n<h3><span style=\"color: #000000\">-Eglises : Droit canon et recours:\u00a0 recours aupr\u00e8s de l&rsquo;archev\u00eaque<\/span><\/h3>\n<ul>\n<li><span style=\"color: #000000\"><a href=\"http:\/\/plug.izone.be\/cap-ciel-bxl\/wp-content\/uploads\/sites\/13\/2018\/06\/Eglises-droit-canon-et-recours.pdf\">Eglises droit canon et recours<\/a>\u00a0<\/span><\/li>\n<\/ul>\n<h3 style=\"font-weight: 400\"><strong>-\u00ab\u00a0Lettre des 80\u00a0\u00bb \u00e0 nos \u00e9v\u00eaques (et leur r\u00e9ponse) : \u00ab\u00a0ne supprimons pas nos paroisses, nos \u00e9glises paroissiales et les sacrements de l&rsquo;enfance!\u00a0\u00bb<\/strong><\/h3>\n<ul>\n<li style=\"font-weight: 400\"><a href=\"http:\/\/plug.izone.be\/cap-ciel-bxl\/wp-content\/uploads\/sites\/13\/2018\/04\/LETTRE-DES-80-%C3%A0-Mgr-DK-e-MGR-K-et-REPONSES.pdf\">LETTRE DES 80 \u00e0 Mgr DK e MGR K et REPONSES<\/a><\/li>\n<\/ul>\n<h3>-Actes des symposium sur l\u2019avenir des \u00e9glises \u00e0 Bruxelles: cliquer sur l&rsquo;\u00e9l\u00e9ment soulign\u00e9<\/h3>\n<ul>\n<li><strong><span style=\"color: #000000\">Port\u00e9e th\u00e9ologique et sociale de nos \u00e9glises<\/span><\/strong><\/li>\n<\/ul>\n<p><span style=\"color: #000000\">V\u00e9ronique Hargot-Deltenre Assistante sociale- Th\u00e9ologie<\/span><br \/>\n<span style=\"color: #000000\">Symposium sur l\u2019avenir des \u00e9glises \u00e0 Bruxelles (2012)<\/span><\/p>\n<p><span style=\"color: #000000\"><a style=\"color: #000000\" href=\"http:\/\/plug.izone.be\/cap-ciel-bxl\/wp-content\/uploads\/sites\/13\/2018\/03\/Port\u00e9e-th\u00e9ologique-et-sociale-de-nos-\u00e9glises.pdf\"><span style=\"color: #0000ff\">. Por<\/span>t<span style=\"color: #0000ff\">\u00e9e th\u00e9ologique et sociale de nos \u00e9glises<\/span><\/a><br \/>\n<\/span><\/p>\n<ul>\n<li><strong><span style=\"color: #000000\">100 raisons pour garder toutes nos \u00e9glises<\/span><\/strong><\/li>\n<\/ul>\n<p><span style=\"color: #000000\"><span style=\"font-size: medium\">. Collectif inter-paroissial (2011-2016)<br \/>\n<\/span><span style=\"font-size: medium;color: #0000ff\"><a style=\"color: #0000ff\" href=\"http:\/\/plug.izone.be\/cap-ciel-bxl\/wp-content\/uploads\/sites\/13\/2018\/03\/100-raisons-pour-garder-toutes-nos-\u00e9glises.pdf\">100 raisons pour garder toutes nos \u00e9glises<\/a><\/span><\/span><\/p>\n<ul>\n<li><span style=\"color: #000000\"><strong>Le financement des \u00e9glises et cultes reconnus<\/strong><\/span><\/li>\n<\/ul>\n<p><span style=\"color: #000000\">Olivier de Clippele- Parlementaire Bruxellois<\/span><br \/>\n<span style=\"color: #000000\">Pr\u00e9sident de la Fabrique d\u2019\u00e9glise Saint-Boniface<\/span><br \/>\n<span style=\"color: #000000\">Symposium sur l\u2019avenir des \u00e9glises \u00e0 Bruxelles (2016)<\/span><br \/>\n<span style=\"color: #000000\"><a style=\"color: #000000\" href=\"http:\/\/plug.izone.be\/cap-ciel-bxl\/wp-content\/uploads\/sites\/13\/2018\/03\/Le-financement-des-cultes-reconnus-un-gage-de-pluralisme.pdf\"><span style=\"color: #0000ff\">Le financement des cultes reconnus\u00a0&#8211; un gage de pluralisme<\/span><\/a><\/span><\/p>\n<ul>\n<li><strong><span style=\"color: #000000\">Des \u00e9glises vivantes pour promouvoir le tourisme \u00e0 Bruxelles<\/span><\/strong><\/li>\n<\/ul>\n<p><span style=\"color: #000000\">Olivier de Clippele- Parlementaire Bruxellois<\/span><br \/>\n<span style=\"color: #000000\">Pr\u00e9sident de la Fabrique d\u2019\u00e9glise Saint-Boniface<\/span><br \/>\n<span style=\"color: #000000\">Symposium sur l\u2019avenir des \u00e9glises \u00e0 Bruxelles (2016)<\/span><br \/>\n<span style=\"color: #0000ff\"><a style=\"color: #0000ff\" href=\"http:\/\/plug.izone.be\/cap-ciel-bxl\/wp-content\/uploads\/sites\/13\/2018\/03\/Des-\u00e9glises-vivantes-pour-promouvoir-le-tourisme-\u00e0-Bruxelles.pdf\">Des \u00e9glises vivantes pour promouvoir le tourisme \u00e0 Bruxelles<\/a><\/span>[\/vc_column_text][\/vc_column][\/vc_row]<\/p>\n","protected":false},"excerpt":{"rendered":"<p>[vc_row][vc_column][vc_message icon_fontawesome=\u00a0\u00bbfas fa-bullhorn\u00a0\u00bb] Les Pr\u00e9montr\u00e9s mis \u00e0 la porte de la Cambre : signez la p\u00e9tition Les Pr\u00e9montr\u00e9s mis \u00e0 la porte de La Cambre[\/vc_message][vc_message message_box_color=\u00a0\u00bbwarning\u00a0\u00bb icon_type=\u00a0\u00bbpixelicons\u00a0\u00bb icon_pixelicons=\u00a0\u00bbvc_pixel_icon vc_pixel_icon-balloon\u00a0\u00bb] Les Pr\u00e9montr\u00e9s mis \u00e0 la porte de la Cambre : signez la p\u00e9tition Les Pr\u00e9montr\u00e9s mis \u00e0 la porte de La Cambre Chers Amis, Nous avons [&hellip;]<\/p>\n","protected":false},"author":1,"featured_media":0,"parent":61,"menu_order":0,"comment_status":"closed","ping_status":"closed","template":"","meta":{"_et_pb_use_builder":"","_et_pb_old_content":"","_et_gb_content_width":"","footnotes":""},"class_list":["post-143","page","type-page","status-publish","hentry"],"_links":{"self":[{"href":"http:\/\/plug.izone.be\/cap-ciel-bxl\/wp-json\/wp\/v2\/pages\/143","targetHints":{"allow":["GET"]}}],"collection":[{"href":"http:\/\/plug.izone.be\/cap-ciel-bxl\/wp-json\/wp\/v2\/pages"}],"about":[{"href":"http:\/\/plug.izone.be\/cap-ciel-bxl\/wp-json\/wp\/v2\/types\/page"}],"author":[{"embeddable":true,"href":"http:\/\/plug.izone.be\/cap-ciel-bxl\/wp-json\/wp\/v2\/users\/1"}],"replies":[{"embeddable":true,"href":"http:\/\/plug.izone.be\/cap-ciel-bxl\/wp-json\/wp\/v2\/comments?post=143"}],"version-history":[{"count":38,"href":"http:\/\/plug.izone.be\/cap-ciel-bxl\/wp-json\/wp\/v2\/pages\/143\/revisions"}],"predecessor-version":[{"id":649,"href":"http:\/\/plug.izone.be\/cap-ciel-bxl\/wp-json\/wp\/v2\/pages\/143\/revisions\/649"}],"up":[{"embeddable":true,"href":"http:\/\/plug.izone.be\/cap-ciel-bxl\/wp-json\/wp\/v2\/pages\/61"}],"wp:attachment":[{"href":"http:\/\/plug.izone.be\/cap-ciel-bxl\/wp-json\/wp\/v2\/media?parent=143"}],"curies":[{"name":"wp","href":"https:\/\/api.w.org\/{rel}","templated":true}]}}