{"id":145,"date":"2018-03-18T19:08:45","date_gmt":"2018-03-18T18:08:45","guid":{"rendered":"http:\/\/plug.izone.be\/cap-ciel-bxl\/?page_id=145"},"modified":"2025-01-27T11:38:19","modified_gmt":"2025-01-27T10:38:19","slug":"cathedrale","status":"publish","type":"page","link":"http:\/\/plug.izone.be\/cap-ciel-bxl\/changer-de-cap\/cathedrale\/","title":{"rendered":"Cath\u00e9drale"},"content":{"rendered":"<p>[vc_row full_height=\u00a0\u00bbyes\u00a0\u00bb][vc_column][vc_message message_box_style=\u00a0\u00bbsolid\u00a0\u00bb message_box_color=\u00a0\u00bbalert-warning\u00a0\u00bb icon_type=\u00a0\u00bbpixelicons\u00a0\u00bb css_animation=\u00a0\u00bbfadeIn\u00a0\u00bb icon_pixelicons=\u00a0\u00bbvc_pixel_icon vc_pixel_icon-fire\u00a0\u00bb]<span style=\"color: #000000\"><strong>Neuvaine au Tr\u00e8s-Saint Sacrement de Miracle de Bruxelles du 3 au 11 avril \u00e0 l\u2019occasion de son Jubil\u00e9 (650 ans, le jour de P\u00e2ques)\u00a0<\/strong><\/span><\/p>\n<ul>\n<li><a href=\"http:\/\/plug.izone.be\/cap-ciel-bxl\/wp-content\/uploads\/sites\/13\/2020\/04\/PRIERE-AU-TRES-ST-SACREMENT-DE-MIRACLE.pdf\">PRIERE AU TRES ST SACREMENT DE MIRACLE<\/a><\/li>\n<\/ul>\n<p>[\/vc_message][vc_cta h2=\u00a0\u00bbLitanies de r\u00e9paration\u00a0\u00bb color=\u00a0\u00bbsky\u00a0\u00bb]<a href=\"http:\/\/plug.izone.be\/cap-ciel-bxl\/wp-content\/uploads\/sites\/13\/2020\/04\/Litanies-de-R\u00e9paration.pdf\">Litanies de R\u00e9paration<\/a>[\/vc_cta][vc_cta h2=\u00a0\u00bbCouronne du Tr\u00e8s-Saint Sacrement de Miracle\u00a0\u00bb color=\u00a0\u00bbsky\u00a0\u00bb]<a href=\"http:\/\/plug.izone.be\/cap-ciel-bxl\/wp-content\/uploads\/sites\/13\/2020\/04\/Couronne-du-Saint-Sacrement-de-Miracle-1670.pdf\">Couronne du Saint Sacrement de Miracle 1670<\/a>[\/vc_cta][vc_column_text]<\/p>\n<h3><\/h3>\n<p><span style=\"color: #339966\">\u00ab\u00a0V<em>oici la place o\u00f9 il faudrait que je fusse ador\u00e9 et invoqu\u00e9 de tous les hommes&#8230;: soyez assur\u00e9 que tous ceux qui m&rsquo;invoqueront fid\u00e8lement et sinc\u00e8rement en cette place, je les d\u00e9livrerai de toute tribulation, je les glorifierai\u00a0\u00bb<\/em>\u00a0 \u00a0<\/span><span style=\"color: #008000\">Paroles entendues par un jeune homme qui venait adorer les Hosties miraculeuses (le Tr\u00e8s-Saint Sacrement de Miracle) dans la cath\u00e9drale de Bruxelles en 1436<\/span><\/p>\n<h3><span style=\"color: #0000ff\">1. Changer de cap<\/span><\/h3>\n<h3>-Cap actuel<\/h3>\n<p>En 1999, sous l\u2019\u00e9piscopat du Cardinal Danneels, la chapelle du Saint-Sacrement, dans la cath\u00e9drale de Bruxelles, fut d\u00e9sacralis\u00e9e et transform\u00e9e en mus\u00e9e.<\/p>\n<p>Cette chapelle baptis\u00e9e \u00e0 l\u2019\u00e9poque \u00ab\u00a0chapelle du Tr\u00e8s-Saint Sacrement de Miracle\u00a0\u00bb fut am\u00e9nag\u00e9e en 1436 pour accueillir les tr\u00e8s nombreux visiteurs et adorateurs de trois Hosties\u00a0 (vol\u00e9es dans l&rsquo;ancienne \u00e9glise Sainte-Catherine), dites miraculeuses par le fait d\u2019avoir suint\u00e9 du Saint Sang, en 1370, alors qu\u2019elles \u00e9taient poignard\u00e9es dans une synagogue de Bruxelles, et pour les miracles qu&rsquo;elles produisirent encore par apr\u00e8s chez ceux qui les v\u00e9n\u00e9raient. Elles ont \u00e9chapp\u00e9 plus tard aux saccages iconoclastes et r\u00e9volutionnaires, et ont \u00e9t\u00e9 sources de gr\u00e2ces \u00e0 profusion pour\u00a0 tous ceux qui les ont v\u00e9n\u00e9r\u00e9es avec ferveur pendant plus de 6 si\u00e8cles, \u00e0 la cath\u00e9drale m\u00eame et dans les rues de Bruxelles o\u00f9 elles \u00e9taient annuellement port\u00e9es avec magnificences en processions parfois immenses.<\/p>\n<p>Le r\u00e9cit de ces \u00e9v\u00e9nements (qui n&rsquo;exclut pas des \u00e9l\u00e9ments anecdotiques plus l\u00e9gendaires), largement illustr\u00e9s sur les vitraux de la cath\u00e9drale, est malheureusement dissimul\u00e9 par les autorit\u00e9s dioc\u00e9saines, depuis le Concile, sous pr\u00e9texte (fallacieux) qu&rsquo;il s&rsquo;agirait d&rsquo;une l\u00e9gende antis\u00e9mite, ce que les documents et t\u00e9moignages historiques d\u00e9mentent pourtant ais\u00e9ment.<\/p>\n<p>Un opuscule\u00a0r\u00e9cemment publi\u00e9, en livre le r\u00e9cit (voir ci-dessous): pourquoi priver les fid\u00e8les et visiteurs de la m\u00e9moire des plus belles pages de l&rsquo;histoire religieuse de Bruxelles?<\/p>\n<p>L\u2019ostensoir enfermant peut-\u00eatre encore des traces ou r\u00e9sidus eucharistiques (m\u00eame invisibles) est actuellement expos\u00e9 comme un \u00ab objet d\u2019art \u00bb parmi d\u2019autres, dans la \u00ab salle du tr\u00e9sor \u00bb de la cath\u00e9drale avec entr\u00e9e payante (2 EU).Aucune \u00e9tude ni investigation de l&rsquo;ostensoir dans le but de savoir ce qui subsisterait des Hosties miraculeuses depuis leur derni\u00e8re exposition publique en 1967, n&rsquo;avait \u00e9t\u00e9 r\u00e9alis\u00e9e jusqu&rsquo;\u00e0 ce jour. Suite \u00e0 la demande de l&rsquo;auteur du livre, le cardinal a fait proc\u00e9der \u00e0 une \u00e9tude ( tr\u00e8s superficielle) de l&rsquo;ostensoir du Tr\u00e8s-Saint Sacrement de Miracle, le 19 juin 2018 (voir r\u00e9sultats ci-dessous).<\/p>\n<p>La demande de restaurer la chapelle du Tr\u00e8s Saint Sacrement dans sa fonction initiale et d&rsquo;organiser le jubil\u00e9 des Hosties miraculeuses en 2020 a \u00e9t\u00e9 refus\u00e9e jusqu&rsquo;\u00e0 ce jour par le cardinal De Kesel. Prions pour qu&rsquo;il puisse ouvrir son coeur \u00e0 cette belle gr\u00e2ce bruxelloise et lui rendre t\u00f4t ou tard tout l&rsquo;honneur qu&rsquo;elle m\u00e9rite.<\/p>\n<p>[dt_quote type=\u00a0\u00bbblockquote\u00a0\u00bb font_size=\u00a0\u00bbbig\u00a0\u00bb animation=\u00a0\u00bbnone\u00a0\u00bb background=\u00a0\u00bbplain\u00a0\u00bb]Rappelons ici que l&rsquo;adoration perp\u00e9tuelle du Saint-Sacrement a \u00e9t\u00e9 institu\u00e9e dans la Basilique nationale du Sacr\u00e9-Coeur (Koekelberg) en 2011 par Mgr L\u00e9onard et se vit jour et nuit depuis lors gr\u00e2ce \u00e0 un relais d&rsquo;adorateurs fid\u00e8les que nous sommes invit\u00e9s \u00e0 rejoindre: voir <a href=\"http:\/\/www.updamien.be\/vie-et-sacrements\/adoration-perpetuelle\">http:\/\/www.updamien.be\/vie-et-sacrements\/adoration-perpetuelle<\/a>[\/dt_quote]<\/p>\n<h3>-Cap missionnaire<\/h3>\n<p>R\u00e9am\u00e9nager le mus\u00e9e de la cath\u00e9drale en chapelle du Saint-Sacrement\u00a0; y exposer l\u2019ostensoir des Hosties miraculeuses (\u00e0 hauteur d\u2019une Hostie r\u00e9cemment consacr\u00e9e). Faire conna\u00eetre le r\u00e9cit du miracle eucharistique (attest\u00e9 par l&rsquo;Eglise) et relancer la d\u00e9votion eucharistique prodigieuse qui s&rsquo;en suivit.<\/p>\n<p>C\u00e9l\u00e9brer solennellement le jubil\u00e9 des 650 ans du miracle eucharistique bruxellois, en organisant \u00e0 cette occasion, un grand Congr\u00e8s International Eucharistique\u00a0 en 2020 pour d\u00e9ployer toujours davantage le culte eucharistique qui nous sauvera \u00ab\u00a0de toute tribulation\u00a0\u00bb (cf voix divine dans la cath\u00e9drale en novembre 1436)<\/p>\n<p><span style=\"color: #ff6600\">Conclusions:\u00a0<b>R\u00e9tablir et resacraliser la chapelle du Saint-Sacrement<\/b>\u00a0dans la Cath\u00e9drale de Bruxelles, avec les reliques des Hosties miraculeuses v\u00e9n\u00e9r\u00e9es pendant 650 ans (et y fermer son mus\u00e9e payant) et y relancer une profonde et continue d\u00e9votion eucharistique; organiser un <strong>grand Congr\u00e8s international Eucharistique r\u00e9gional (<\/strong>le congr\u00e8s eucharistique international ayant lieu \u00e0 Budapest en septembre 2020)<\/span>[\/vc_column_text][vc_column_text el_id=\u00a0\u00bbCathedraleLiens\u00a0\u00bb]<\/p>\n<ul>\n<li><strong>R\u00e9sum\u00e9 de la correspondance entre V\u00e9ronique Hargot et le cardinal De Kesel<\/strong>\n<ul>\n<li><a href=\"http:\/\/plug.izone.be\/cap-ciel-bxl\/wp-content\/uploads\/sites\/13\/2018\/10\/BLOG-Correspondances-avec-le-cardinal-De-Kesel.pdf\">Correspondances avec le cardinal De Kesel<\/a><\/li>\n<\/ul>\n<\/li>\n<li>R\u00e9sum\u00e9 du <strong>rapport de la Commission d\u2019enqu\u00eate de l\u2019ostensoir du Tr\u00e8s-Saint Sacrement de Miracle<\/strong>, r\u00e9alis\u00e9e \u00e0 la cath\u00e9drale de Bruxelles le 19 juin 2018 (\u00e0 la demande de V. Hargot qui a \u00e9t\u00e9 exclue de cette investigation), sous la direction du chanoine Van Billoen\n<ul>\n<li><a href=\"http:\/\/plug.izone.be\/cap-ciel-bxl\/wp-content\/uploads\/sites\/13\/2018\/10\/BLOG-Commission-denqu\u00eate-de-lostensoir.pdf\">Commission d&rsquo;enqu\u00eate de l&rsquo;ostensoir<\/a><\/li>\n<\/ul>\n<\/li>\n<\/ul>\n<ul>\n<li><strong>Avis de la Commission Nationale Catholique des relations avec le monde Juif (CNCJ), sous la pr\u00e9sidence du P\u00e8re Dominique Janthial<\/strong>\n<ul>\n<li><a href=\"http:\/\/plug.izone.be\/cap-ciel-bxl\/wp-content\/uploads\/sites\/13\/2018\/10\/BLOG-Critique-de-la-CNCJ.pdf\">Critique de la CNCJ<\/a><\/li>\n<\/ul>\n<\/li>\n<li><strong>Sources m\u00e9di\u00e9vales, indications d\u2019\u00e9dition, explication des abr\u00e9viations et pr\u00e9cisions<\/strong><\/li>\n<li>Les \u00e9l\u00e9ments du communiqu\u00e9 du CNCJ sont contredits par le Cercle Europ\u00e9en pour la Recherche Historique. Ce cercle d&rsquo;historiens de format international et de signature catholique nous a fourni les principales sources d&rsquo;\u00e9poque que voici:\n<ul>\n<li><a href=\"http:\/\/plug.izone.be\/cap-ciel-bxl\/wp-content\/uploads\/sites\/13\/2018\/10\/BLOG-Sources-d\u00e9poque.pdf\">Sources d&rsquo;\u00e9poque<\/a><\/li>\n<\/ul>\n<\/li>\n<li>Communication des Amis de Sainte-Catherine (6 ao\u00fbt 2019) suite aux accusations diffamatoires d\u2019antis\u00e9mitisme par Marcel Sel :\n<ul>\n<li><a href=\"http:\/\/plug.izone.be\/cap-ciel-bxl\/wp-content\/uploads\/sites\/13\/2019\/09\/Communique-Amis-Ste-Catherine.pdf\">Communique Amis Ste Catherine<\/a><\/li>\n<\/ul>\n<\/li>\n<li>Droit de r\u00e9ponse de V. Hargot ( 17 ao\u00fbt 2019) suite aux accusation diffamatoires d\u2019antis\u00e9mitisme par une journaliste du groupe Sud Presse (La Capitale -La Meuse)\n<ul>\n<li>\n<p style=\"font-weight: 400\"><u><\/u><a href=\"http:\/\/plug.izone.be\/cap-ciel-bxl\/wp-content\/uploads\/sites\/13\/2019\/09\/Droit-de-Reponse-VH-SUDPRESSE.pdf\">Droit de Reponse V\u00e9ronique Hargot &#8211; SUDPRESSE<\/a><\/p>\n<\/li>\n<\/ul>\n<\/li>\n<\/ul>\n<p>[\/vc_column_text][vc_row_inner][vc_column_inner][vc_message message_box_style=\u00a0\u00bbsolid\u00a0\u00bb message_box_color=\u00a0\u00bbalert-warning\u00a0\u00bb icon_type=\u00a0\u00bbpixelicons\u00a0\u00bb css_animation=\u00a0\u00bbfadeIn\u00a0\u00bb icon_pixelicons=\u00a0\u00bbvc_pixel_icon vc_pixel_icon-fire\u00a0\u00bb]<strong>Neuvaine au Tr\u00e8s-Saint Sacrement de Miracle de Bruxelles du 3 au 11 avril \u00e0 l\u2019occasion de son Jubil\u00e9 (650 ans, le jour de P\u00e2ques)\u00a0<\/strong>[\/vc_message][\/vc_column_inner][\/vc_row_inner][\/vc_column][\/vc_row][vc_row][vc_column][vc_column_text]<\/p>\n<h3>Un livre pour le relater<\/h3>\n<p><img loading=\"lazy\" decoding=\"async\" class=\"alignnone wp-image-207 size-medium\" src=\"http:\/\/plug.izone.be\/cap-ciel-bxl\/wp-content\/uploads\/sites\/13\/2018\/03\/Un-miracle-eucharistique-\u00e0-Bruxelles-meconnu-1-212x300.jpg\" alt=\"\" width=\"212\" height=\"300\" srcset=\"http:\/\/plug.izone.be\/cap-ciel-bxl\/wp-content\/uploads\/sites\/13\/2018\/03\/Un-miracle-eucharistique-\u00e0-Bruxelles-meconnu-1-212x300.jpg 212w, http:\/\/plug.izone.be\/cap-ciel-bxl\/wp-content\/uploads\/sites\/13\/2018\/03\/Un-miracle-eucharistique-\u00e0-Bruxelles-meconnu-1-768x1086.jpg 768w, http:\/\/plug.izone.be\/cap-ciel-bxl\/wp-content\/uploads\/sites\/13\/2018\/03\/Un-miracle-eucharistique-\u00e0-Bruxelles-meconnu-1-724x1024.jpg 724w, http:\/\/plug.izone.be\/cap-ciel-bxl\/wp-content\/uploads\/sites\/13\/2018\/03\/Un-miracle-eucharistique-\u00e0-Bruxelles-meconnu-1.jpg 800w\" sizes=\"auto, (max-width: 212px) 100vw, 212px\" \/><img loading=\"lazy\" decoding=\"async\" class=\"alignnone wp-image-206 size-medium\" src=\"http:\/\/plug.izone.be\/cap-ciel-bxl\/wp-content\/uploads\/sites\/13\/2018\/03\/Un-miracle-eucharistique-\u00e0-Bruxelles-meconnu-2-212x300.jpg\" alt=\"\" width=\"212\" height=\"300\" srcset=\"http:\/\/plug.izone.be\/cap-ciel-bxl\/wp-content\/uploads\/sites\/13\/2018\/03\/Un-miracle-eucharistique-\u00e0-Bruxelles-meconnu-2-212x300.jpg 212w, http:\/\/plug.izone.be\/cap-ciel-bxl\/wp-content\/uploads\/sites\/13\/2018\/03\/Un-miracle-eucharistique-\u00e0-Bruxelles-meconnu-2-768x1086.jpg 768w, http:\/\/plug.izone.be\/cap-ciel-bxl\/wp-content\/uploads\/sites\/13\/2018\/03\/Un-miracle-eucharistique-\u00e0-Bruxelles-meconnu-2-724x1024.jpg 724w, http:\/\/plug.izone.be\/cap-ciel-bxl\/wp-content\/uploads\/sites\/13\/2018\/03\/Un-miracle-eucharistique-\u00e0-Bruxelles-meconnu-2.jpg 1024w\" sizes=\"auto, (max-width: 212px) 100vw, 212px\" \/><\/p>\n<p><strong><span style=\"color: #ff0000\">Acc\u00e9dez \u00e0 la nouvelle \u00e9dition du livre disponible gratuitement sur ce site \u00e0 l&rsquo;adresse suivante :<\/span><br \/>\n<a href=\"http:\/\/plug.izone.be\/cap-ciel-bxl\/le-tres-saint-sacrement-de-miracle-1370-2020-le-livre\/\">http:\/\/plug.izone.be\/cap-ciel-bxl\/le-tres-saint-sacrement-de-miracle-1370-2020-le-livre\/<\/a><\/strong><\/p>\n<p><span style=\"color: #000000\"><strong>Remarques sur la premi\u00e8re \u00e9dition :\u00a0<\/strong><\/span><\/p>\n<p>SUITE A LA PUBLICATION DE CE LIVRE, DE NOUVELLES QUESTIONS ET NOUVEAUX ELEMENTS D&rsquo; INFORMATIONS\u00a0 SONT PARVENUS A L&rsquo;AUTEUR.<\/p>\n<p>CEUX CI SERONT PUBLIES SUR CE BLOG DANS LES SEMAINES A VENIR .<\/p>\n<p>TOUTE PERSONNE DISPOSANT D&rsquo;INFORMATIONS,TEMOIGNAGES, PHOTOS OU AUTRES DOCUMENTS EN LIEN AVEC LE TRES SAINT SACREMENT DE MIRACLE EST INVITEE A NOUS CONTACTER<\/p>\n<p>D&rsquo;AVANCE, NOUS VOUS EN REMERCIONS<\/p>\n<p>NB Correctifs<\/p>\n<p>-p 17, \u00ab\u00a0les juifs \u00e0 l&rsquo;\u00e9poque \u00e9taient nombreux \u00e0 habiter \u00e0 hauteur du quartier nomm\u00e9 Copperbeek\u00a0\u00bb. D&rsquo;apr\u00e8s le P\u00e8re Lef\u00e8vre (\u00ab\u00a0A propos du trafic de l&rsquo;argent exerc\u00e9 par les juifs de Bruxelles au XIV\u00e8me s\u00a0\u00bb), ils n&rsquo;\u00e9taient que 8 foyers r\u00e9pertori\u00e9s \u00e0 Bruxelles.<\/p>\n<p>-p 54, c&rsquo;est Mgr Lanneau et non Mgr De Kesel qui \u00e9tait \u00e9v\u00eaque auxiliaire en 1999 au moment de la r\u00e9affectation de la chapelle du Tr\u00e8s-Saint Sacrement de Miracle en mus\u00e9e.<\/p>\n<p>-p 8, p 93: l&rsquo;\u00e9l\u00e9ment visible blanch\u00e2tre dans l&rsquo;une des trois lunules de l&rsquo;ostensoir expos\u00e9 n&rsquo;est pas en soi un\u00a0 \u00ab\u00a0vestige eucharistique\u00a0\u00bb, comme sugg\u00e9r\u00e9 dans le livre, mais un morceau de tissu appos\u00e9 dans la lunule au 18eme si\u00e8cle, quand on s&rsquo;aper\u00e7ut qu&rsquo;une des trois Hosties miraculeuses commen\u00e7ait \u00e0 se fragmenter, mais tant qu&rsquo;une \u00e9tude ind\u00e9pendante et scientifique de ce tissu n&rsquo;a pas \u00e9t\u00e9 \u00e9tablie, personne ne peut affirmer qu&rsquo;il ne contient plus de r\u00e9sidus ou traces eucharistiques. D&rsquo;autres informations et explications suivront . Les indications du catalogue de la cath\u00e9drale (<em>Le Tr\u00e9sor de la Cath\u00e9drale des Sts Michel et Gudule<\/em>, bas de la p 80), affirmant que l&rsquo;ostensoir contient des Hosties dites miraculeuses, ne sont donc pas exactes . Quant au \u00ab\u00a0r\u00e9sidu brun\u00e2tre\u00a0\u00bb apparent, il ne s&rsquo;agit sans doute pas de \u00ab\u00a0r\u00e9sidus de peinture\u00a0\u00bb, comme le sugg\u00e8re le rapport de l&rsquo;enqu\u00eate men\u00e9e par l&rsquo;archev\u00eaque. Nos explications suivront.<\/p>\n<p>Abonnez-vous \u00e0 la newsletter!<\/p>\n<ul>\n<li>\n<h3><strong>Commandes et d\u00e9p\u00f4ts<\/strong><\/h3>\n<\/li>\n<\/ul>\n<p>&#8211; Envoi postal (10 EU + 6 EUR frais postaux): \u00e9crire \u00e0 <strong><a href=\"mailto:desacralisations.stop@gmail.com\">desacralisations.stop@gmail.com<\/a><\/strong><\/p>\n<p>Compte bancaire: BE19 0010 5063 7312 \u00a0 Communication: livre M.E.<\/p>\n<p>Boutique de Sainte-Catherine, Place Sainte-Catherine, 1000 Bruxelles apr\u00e8s les messes du samedi (vers 13h) et du dimanche (vers midi)<\/p>\n<p>-Vente (10 EU) apr\u00e8s les visites guid\u00e9es et conf\u00e9rences + sur rendez-vous \u00e0 l&rsquo;\u00e9glise Sainte-Catherine ou autre d\u00e9p\u00f4t \u00e0 convenir ensemble (tel: 0478 31 33 45)<\/p>\n<p>-Pour la liste des librairies (Bruxelles, Namur, Banneux, Paris, &#8230;), nous contacter.<\/p>\n<p>-D\u00e9p\u00f4t dans chaque commune de Bruxelles (et plusieurs villes de Belgique): adresses sur demande \u00e0\u00a0\u00a0<strong><a href=\"mailto:amisdesaintecatherine@gmail.com\">desacralisations.stop@gmail.com\u00a0<\/a><\/strong><\/p>\n<ul>\n<li>\n<h3><strong>Conf\u00e9rence-\u00e9change avec l\u2019auteur<\/strong>\u00a0<em>: <strong>Le miracle eucharistique bruxellois (1370-2020)<\/strong><\/em><\/h3>\n<\/li>\n<\/ul>\n<p>-Contactez-nous!<\/p>\n<ul>\n<li>\n<h3><strong>Parcours guid\u00e9 et pri\u00e9 depuis l\u2019\u00e9glise Sainte-Catherine vers la cath\u00e9drale (<\/strong>pr\u00e9voir 2 EUR pour entr\u00e9e mus\u00e9e)<\/h3>\n<\/li>\n<\/ul>\n<p>Les prochains \u00ab\u00a0Parcours guid\u00e9s et pri\u00e9s\u00a0\u00bb ou visites de la cath\u00e9drale s&rsquo;organisent \u00e0 pr\u00e9sent sur demande.<\/p>\n<p>INFO-CONTACTS:<\/p>\n<p><strong><a href=\"mailto:amisdesaintecatherine@gmail.com\">desacralisations.stop@gmail.com<\/a>\u00a0<\/strong>ou 00 32 478 31 33 45[\/vc_column_text][\/vc_column][\/vc_row]<\/p>\n","protected":false},"excerpt":{"rendered":"<p>[vc_row full_height=\u00a0\u00bbyes\u00a0\u00bb][vc_column][vc_message message_box_style=\u00a0\u00bbsolid\u00a0\u00bb message_box_color=\u00a0\u00bbalert-warning\u00a0\u00bb icon_type=\u00a0\u00bbpixelicons\u00a0\u00bb css_animation=\u00a0\u00bbfadeIn\u00a0\u00bb icon_pixelicons=\u00a0\u00bbvc_pixel_icon vc_pixel_icon-fire\u00a0\u00bb]Neuvaine au Tr\u00e8s-Saint Sacrement de Miracle de Bruxelles du 3 au 11 avril \u00e0 l\u2019occasion de son Jubil\u00e9 (650 ans, le jour de P\u00e2ques)\u00a0 PRIERE AU TRES ST SACREMENT DE MIRACLE [\/vc_message][vc_cta h2=\u00a0\u00bbLitanies de r\u00e9paration\u00a0\u00bb color=\u00a0\u00bbsky\u00a0\u00bb]Litanies de R\u00e9paration[\/vc_cta][vc_cta h2=\u00a0\u00bbCouronne du Tr\u00e8s-Saint Sacrement de Miracle\u00a0\u00bb color=\u00a0\u00bbsky\u00a0\u00bb]Couronne du Saint Sacrement [&hellip;]<\/p>\n","protected":false},"author":1,"featured_media":0,"parent":61,"menu_order":0,"comment_status":"closed","ping_status":"closed","template":"","meta":{"_et_pb_use_builder":"","_et_pb_old_content":"","_et_gb_content_width":"","footnotes":""},"class_list":["post-145","page","type-page","status-publish","hentry"],"_links":{"self":[{"href":"http:\/\/plug.izone.be\/cap-ciel-bxl\/wp-json\/wp\/v2\/pages\/145","targetHints":{"allow":["GET"]}}],"collection":[{"href":"http:\/\/plug.izone.be\/cap-ciel-bxl\/wp-json\/wp\/v2\/pages"}],"about":[{"href":"http:\/\/plug.izone.be\/cap-ciel-bxl\/wp-json\/wp\/v2\/types\/page"}],"author":[{"embeddable":true,"href":"http:\/\/plug.izone.be\/cap-ciel-bxl\/wp-json\/wp\/v2\/users\/1"}],"replies":[{"embeddable":true,"href":"http:\/\/plug.izone.be\/cap-ciel-bxl\/wp-json\/wp\/v2\/comments?post=145"}],"version-history":[{"count":99,"href":"http:\/\/plug.izone.be\/cap-ciel-bxl\/wp-json\/wp\/v2\/pages\/145\/revisions"}],"predecessor-version":[{"id":671,"href":"http:\/\/plug.izone.be\/cap-ciel-bxl\/wp-json\/wp\/v2\/pages\/145\/revisions\/671"}],"up":[{"embeddable":true,"href":"http:\/\/plug.izone.be\/cap-ciel-bxl\/wp-json\/wp\/v2\/pages\/61"}],"wp:attachment":[{"href":"http:\/\/plug.izone.be\/cap-ciel-bxl\/wp-json\/wp\/v2\/media?parent=145"}],"curies":[{"name":"wp","href":"https:\/\/api.w.org\/{rel}","templated":true}]}}