{"id":147,"date":"2018-03-18T19:10:17","date_gmt":"2018-03-18T18:10:17","guid":{"rendered":"http:\/\/plug.izone.be\/cap-ciel-bxl\/?page_id=147"},"modified":"2019-09-24T22:47:07","modified_gmt":"2019-09-24T20:47:07","slug":"sacrements","status":"publish","type":"page","link":"http:\/\/plug.izone.be\/cap-ciel-bxl\/changer-de-cap\/sacrements\/","title":{"rendered":"Sacrements"},"content":{"rendered":"<p>[vc_row][vc_column][vc_column_text]<\/p>\n<h3><span style=\"color: #0000ff\">Changer de cap<\/span><\/h3>\n<h3>Cap actuel<\/h3>\n<p><span lang=\"fr-FR\">Consid\u00e9rant la baisse de la pratique et des connaissances religieuses et pour manifester davantage l\u2019unit\u00e9 des 3 sacrements de l\u2019initiation chr\u00e9tienne, le vicariat de Bruxelles encourage le don de ces 3 sacrements (bapt\u00eame, confirmation, eucharistie) au cours d\u2019une seule et m\u00eame c\u00e9l\u00e9bration, vers 11 ans, au terme d\u2019une cat\u00e9ch\u00e8se \u00e9tal\u00e9e sur 2 ou 3 ans, \u00e0 partir de 8 ans ou (de pr\u00e9f\u00e9rence) 9 ans.<\/span><\/p>\n<p><span lang=\"fr-FR\">Le sacrement du bapt\u00eame ne sera pas refus\u00e9 aux parents (tr\u00e8s?) pratiquants qui le demandent pour leurs b\u00e9b\u00e9s. De m\u00eame que le sacrement de l\u2019Eucharistie, de mani\u00e8re priv\u00e9e, ne sera pas refus\u00e9 aux parents (tr\u00e8s?) pratiquants qui le demandent pour leurs enfants, mais ils devront d\u00e9sormais les y pr\u00e9parer eux-m\u00eames (fin des pr\u00e9parations et premi\u00e8res communions communautaires pendant l\u2019enfance).<\/span><\/p>\n<p><span lang=\"fr-FR\">Mais pour toute demande sacramentelle qui viendrait dans la petite-enfance ou plus tard, il est d\u00e9sormais demand\u00e9 de suivre une cat\u00e9ch\u00e8se pendant 2 ans, \u00e0 partir de 8 ou 9 ans, avant de recevoir les 3 sacrements au cours d\u2019une unique c\u00e9l\u00e9bration, vers 11 ans. <\/span><\/p>\n<h3>Cap missionnaire<\/h3>\n<p>Encourager le don du bapt\u00eame aux b\u00e9b\u00e9s.\u00a0Ne pas alourdir les exigences pour les parents\u00a0: m\u00eame si leur foi est faible, l\u2019Eglise visible et invisible peut pourvoir. Encourager le don de l\u2019Eucharistie aux enfants, pr\u00e9c\u00e9d\u00e9e par le sacrement de la R\u00e9conciliation ainsi que la confirmation qui renforce la gr\u00e2ce du bapt\u00eame et sa vigueur missionnaire.<\/p>\n<p>Pourquoi priver de la Vie divine, du \u00ab\u00a0Pain des Anges\u00a0\u00bb et du \u00ab\u00a0Pain de la Vie\u00a0\u00bb, les enfants qui, g\u00e9n\u00e9ralement plus ouverts que les adultes, en ont grandement besoin pour traverser leur enfance souvent \u00e9prouv\u00e9e de nos jours?<\/p>\n<p>Cessons de cultiver une pastorale sacramentelle \u00e9litiste\u00a0: quelle famille peut donc aujourd\u2019hui \u00ab\u00a0tenir la route\u00a0\u00bb durant 2 ans, sachant les contraintes, s\u00e9parations, mobilit\u00e9s, instabilit\u00e9s spirituelles et professionnelles, m\u00e9andres de la foi et autres contrari\u00e9t\u00e9s familiales de notre temps qui rendant difficile si pas impossible pour beaucoup, cette exigence de fid\u00e9lit\u00e9 et de stabilit\u00e9 dans une m\u00eame paroisse (pardon, \u00ab\u00a0UP\u00a0\u00bb!)?<\/p>\n<p><span style=\"color: #ff6600\">Conclusion: \u2013<b>Encourager le don des sacrements aux enfants<\/b>\u00a0: du bapt\u00eame aux b\u00e9b\u00e9s, et de la R\u00e9conciliation, de l\u2019Eucharistie et de la Confirmation aux enfants (et non plus attendre l\u2019adolescence)<\/span><\/p>\n<h2>T\u00e9moignages<\/h2>\n<ul>\n<li><a href=\"http:\/\/plug.izone.be\/cap-ciel-bxl\/wp-content\/uploads\/sites\/13\/2018\/04\/t\u00e9moignages-\u00e9loquents.pdf\">T\u00e9moignages \u00e9loquents<\/a><\/li>\n<\/ul>\n<p>. Autre t\u00e9moignage: \u00ab J&rsquo;ai particip\u00e9, il a peu \u00e0 une CSIC &#8230; ! C&rsquo;est pour les initi\u00e9s : c\u00e9l\u00e9bration des sacrements d&rsquo;initiation catholiques. J&rsquo;ai eu beau me moquer, en indiquant que ce recours \u00e0 un acronyme en quatre lettres devrait \u00eatre \u00e9vit\u00e9 depuis un certain INRI, qui n&rsquo;a pas laiss\u00e9 de bons souvenirs, et que si c&rsquo;\u00e9tait fait pour ne pas \u00eatre compris du commun des paroissiens, pourquoi ne pas envisager de revenir au latin &#8230; ! \u00ab\u00a0C&rsquo;est comme \u00e7a\u00a0\u00bb m&rsquo;a-t-on r\u00e9pondu.<\/p>\n<p>On se donne ainsi l&rsquo;illusion que les \u00e9glises sont bond\u00e9es : il y avait un bapt\u00eame, une quantit\u00e9 de confirm\u00e9s de 9 \u00e0 40 ans (au point que l\u2019\u00c9v\u00eaque a du d\u00e9l\u00e9guer en sa pr\u00e9sence), et plus la moiti\u00e9 de ces confirm\u00e9s qui devaient faire leur premi\u00e8re communion (\u00ab\u00a0puisqu&rsquo;ils n&rsquo;avaient pas eu l&rsquo;occasion de la faire avant\u00a0\u00bb), et en regroupant toutes les paroisses de l&rsquo;UP &#8230;! Les Europ\u00e9ens, non Belges, avec en premiers lieu les Polonais, les Portugais et les Italiens, les Africains et les Sud-am\u00e9ricains constituaient l&rsquo;essentiel de l&rsquo;effectif.<\/p>\n<p>Par ailleurs, j&rsquo;ai assist\u00e9 \u00e0 la c\u00e9r\u00e9monie de premi\u00e8re communion de la pastorale hispanophone, dans ma paroisse. Les enfants \u00e9taient vraiment impr\u00e9gn\u00e9s de la d\u00e9marche qu&rsquo;ils initiaient aupr\u00e8s du Seigneur. J&rsquo;en ai f\u00e9licit\u00e9 le pr\u00eatre. J&rsquo;en ai profit\u00e9 pour lui dire que ce qu&rsquo;il fallait encourager et ce qui fonctionnait le mieux sur l&rsquo;UP, ce n&rsquo;\u00e9tait pas le regroupement des paroisses, mais les liens entre les pastorales en diff\u00e9rentes langues .\u00a0\u00bb[\/vc_column_text][dt_testimonials_carousel order=\u00a0\u00bbasc\u00a0\u00bb content_layout=\u00a0\u00bblayout_3&Prime; custom_content_bg_color=\u00a0\u00bb#1e73be\u00a0\u00bb img_max_width=\u00a0\u00bb80px\u00a0\u00bb img_border_radius=\u00a0\u00bb500px\u00a0\u00bb adaptive_height=\u00a0\u00bby\u00a0\u00bb custom_title_color=\u00a0\u00bb#ffffff\u00a0\u00bb post_title_bottom_margin=\u00a0\u00bb0px\u00a0\u00bb content_bottom_margin=\u00a0\u00bb0px\u00a0\u00bb arrow_bg_width=\u00a0\u00bb36x\u00a0\u00bb arrow_border_width=\u00a0\u00bb0px\u00a0\u00bb r_arrow_icon_paddings=\u00a0\u00bb0px 0px 0px 0px\u00a0\u00bb r_arrow_v_offset=\u00a0\u00bb0px\u00a0\u00bb l_arrow_icon_paddings=\u00a0\u00bb0px 0px 0px 0px\u00a0\u00bb l_arrow_v_offset=\u00a0\u00bb0px\u00a0\u00bb category=\u00a0\u00bb3&Prime; slides_on_wide_desk=\u00a0\u00bb3&Prime;][dt_quote]\u00ab J\u2019ai particip\u00e9, il a peu \u00e0 une CSIC \u2026 ! C\u2019est pour les initi\u00e9s : c\u00e9l\u00e9bration des sacrements d\u2019initiation catholiques. J\u2019ai eu beau me moquer, en indiquant que ce recours \u00e0 un acronyme en quatre lettres devrait \u00eatre \u00e9vit\u00e9 depuis un certain INRI, qui n\u2019a pas laiss\u00e9 de bons souvenirs, et que si c\u2019\u00e9tait fait pour ne pas \u00eatre compris du commun des paroissiens, pourquoi ne pas envisager de revenir au latin \u2026 ! \u00ab\u00a0C\u2019est comme \u00e7a\u00a0\u00bb m\u2019a-t-on r\u00e9pondu.[\/dt_quote][\/vc_column][\/vc_row][vc_row][vc_column][dt_fancy_title title=\u00a0\u00bbAnnexes\u00a0\u00bb title_size=\u00a0\u00bbh2&Prime; title_color=\u00a0\u00bbaccent\u00a0\u00bb separator_style=\u00a0\u00bbdotted\u00a0\u00bb][vc_column_text]<\/p>\n<h3><span style=\"color: #0000ff\"><strong>Annexes\u00a0<\/strong><\/span><\/h3>\n<h3>-Les sacrements de l&rsquo;initiation chr\u00e9tienne: Lettre pastorale de Mgr Kockerols (2017)<\/h3>\n<p><a href=\"https:\/\/www.catho-bruxelles.be\/catecheseaujourdhui\/\">https:\/\/www.catho-bruxelles.be\/catecheseaujourdhui\/<\/a><\/p>\n<h3>-Pourquoi les donner dans l&rsquo;enfance? Argumentaire crois\u00e9 du Collectif interparoissial <strong>(80 signatures)<\/strong><\/h3>\n<p><a href=\"http:\/\/plug.izone.be\/cap-ciel-bxl\/wp-content\/uploads\/sites\/13\/2018\/03\/Sacrements-de-l\u2019initiation-chr\u00e9tienne-Argumentaire-crois\u00e9.pdf\">Sacrements de l\u2019initiation chr\u00e9tienne &#8211; Argumentaire crois\u00e9<\/a><\/p>\n<h3>-\u00ab\u00a0Lettre des 80\u00a0\u00bb \u00e0 nos \u00e9v\u00eaques (et leur r\u00e9ponse) : \u00ab\u00a0ne supprimons pas nos paroisses, nos \u00e9glises paroissiales et les sacrements de l&rsquo;enfance!\u00a0\u00bb<\/h3>\n<h3><strong>(80 signatures)<\/strong><\/h3>\n<p><a href=\"http:\/\/plug.izone.be\/cap-ciel-bxl\/wp-content\/uploads\/sites\/13\/2018\/04\/LETTRE-DES-80-\u00e0-Mgr-DK-e-MGR-K-et-REPONSES.pdf\">LETTRE DES 80 \u00e0 Mgr DK e MGR K et REPONSES<\/a>[\/vc_column_text][\/vc_column][\/vc_row]<\/p>\n","protected":false},"excerpt":{"rendered":"<p>[vc_row][vc_column][vc_column_text] Changer de cap Cap actuel Consid\u00e9rant la baisse de la pratique et des connaissances religieuses et pour manifester davantage l\u2019unit\u00e9 des 3 sacrements de l\u2019initiation chr\u00e9tienne, le vicariat de Bruxelles encourage le don de ces 3 sacrements (bapt\u00eame, confirmation, eucharistie) au cours d\u2019une seule et m\u00eame c\u00e9l\u00e9bration, vers 11 ans, au terme d\u2019une cat\u00e9ch\u00e8se [&hellip;]<\/p>\n","protected":false},"author":1,"featured_media":0,"parent":61,"menu_order":0,"comment_status":"closed","ping_status":"closed","template":"","meta":{"_et_pb_use_builder":"","_et_pb_old_content":"","_et_gb_content_width":"","footnotes":""},"class_list":["post-147","page","type-page","status-publish","hentry"],"_links":{"self":[{"href":"http:\/\/plug.izone.be\/cap-ciel-bxl\/wp-json\/wp\/v2\/pages\/147","targetHints":{"allow":["GET"]}}],"collection":[{"href":"http:\/\/plug.izone.be\/cap-ciel-bxl\/wp-json\/wp\/v2\/pages"}],"about":[{"href":"http:\/\/plug.izone.be\/cap-ciel-bxl\/wp-json\/wp\/v2\/types\/page"}],"author":[{"embeddable":true,"href":"http:\/\/plug.izone.be\/cap-ciel-bxl\/wp-json\/wp\/v2\/users\/1"}],"replies":[{"embeddable":true,"href":"http:\/\/plug.izone.be\/cap-ciel-bxl\/wp-json\/wp\/v2\/comments?post=147"}],"version-history":[{"count":21,"href":"http:\/\/plug.izone.be\/cap-ciel-bxl\/wp-json\/wp\/v2\/pages\/147\/revisions"}],"predecessor-version":[{"id":623,"href":"http:\/\/plug.izone.be\/cap-ciel-bxl\/wp-json\/wp\/v2\/pages\/147\/revisions\/623"}],"up":[{"embeddable":true,"href":"http:\/\/plug.izone.be\/cap-ciel-bxl\/wp-json\/wp\/v2\/pages\/61"}],"wp:attachment":[{"href":"http:\/\/plug.izone.be\/cap-ciel-bxl\/wp-json\/wp\/v2\/media?parent=147"}],"curies":[{"name":"wp","href":"https:\/\/api.w.org\/{rel}","templated":true}]}}