{"id":149,"date":"2018-03-18T19:16:17","date_gmt":"2018-03-18T18:16:17","guid":{"rendered":"http:\/\/plug.izone.be\/cap-ciel-bxl\/?page_id=149"},"modified":"2018-12-01T12:29:06","modified_gmt":"2018-12-01T11:29:06","slug":"vie-religieuse-et-sacerdoce","status":"publish","type":"page","link":"http:\/\/plug.izone.be\/cap-ciel-bxl\/changer-de-cap\/vie-religieuse-et-sacerdoce\/","title":{"rendered":"Vie religieuse et sacerdoce"},"content":{"rendered":"<p>[vc_row][vc_column][vc_column_text]<\/p>\n<h3><span style=\"color: #0000ff\">1. Changeons de cap<\/span><\/h3>\n<h3>-Cap actuel<\/h3>\n<p>Une fraternit\u00e9 monastique et une fraternit\u00e9 sacerdotale, toutes deux jeunes, dynamiques et rayonnantes ont r\u00e9cemment \u00e9t\u00e9 meurtries et dispers\u00e9es par nos \u00e9v\u00eaques et leurs collaborateurs.\u00a0 Certes, la petite communaut\u00e9 du Verbe de Vie a \u00e9t\u00e9 accueillie dans la maisonn\u00e9e Saint-Gilloise d\u00e9sert\u00e9e par les moniales , mais au prix de l&rsquo;abandon de leur grand monast\u00e8re de Fichermont, dernier h\u00e9bergement chr\u00e9tien de taille \u00e0 proximit\u00e9 de Bruxelles, que le dioc\u00e8se a pr\u00e9f\u00e9r\u00e9 \u00ab\u00a0c\u00e9der\u00a0\u00bb\u00a0 \u00e0 une \u00e9cole de musique (\u00e0 quelles conditions?) .<\/p>\n<p>Quelle consid\u00e9ration avons-nous de la vie religieuse quand on pr\u00e9f\u00e8re la supplanter par la vie de l&rsquo;UP (ex paroisse) et abandonner son patrimoine? A t&rsquo;on finalement&#8230; assez d&rsquo;\u00e9glises pour r\u00e9pondre \u00e0 toutes les demandes?<\/p>\n<p>Quelle consid\u00e9ration avons-nous de la vie sacerdotale quand on voit nos pr\u00eatres r\u00e9duits \u00e0 ne recevoir que le titre (et la fonction) \u00ab\u00a0d&rsquo;administrateurs\u00a0\u00bb, de \u00ab\u00a0r\u00e9f\u00e9rents \u00ab\u00a0, \u00e0 faire partie de \u00ab\u00a0tournantes\u00a0\u00bb, \u00e0 \u00eatre plac\u00e9s et d\u00e9plac\u00e9s comme des pions sur un \u00e9chiquier, mis sous la tutelle de femmes ou de la\u00efcs (cl\u00e9ricalis\u00e9s), et demain sans doute de pr\u00eatres mari\u00e9s, envoy\u00e9s par leur \u00e9v\u00eaque non pour \u00ab\u00a0sauver les \u00e2mes\u00a0\u00bb , mais pour \u00ab\u00a0<em>participer \u00e0 la construction d&rsquo;une soci\u00e9t\u00e9 humaine et pacifique o\u00f9 aucune Tradition n&rsquo;a le monopole<\/em>\u00a0\u00bb *, pour appeler non pas \u00e0 la conversion au Christ, mais &#8230;\u00e0 une \u00ab\u00a0c<em>onversion \u00e9cologique radicale et \u00e0 une \u00e9cologie int\u00e9grale<\/em>\u00a0\u00bb ( cfr appel des \u00e9v\u00eaques 29\/11\/18), etc. Comment s&rsquo;\u00e9tonner que tant de pr\u00eatres craquent physiquement, psychiquement, spirituellement ou moralement?<\/p>\n<p>Pourquoi plaider pour ordonner des jeunes hommes mari\u00e9s (qui doivent recommencer 6 ans d&rsquo;\u00e9tude apr\u00e8s leur cursus pr\u00e9c\u00e9dent, tout en ayant charge de famille?) et ne pas appeler des hommes mari\u00e9s d&rsquo;age mur au diaconat?<\/p>\n<p>Et pourquoi plaider pour l&rsquo;ouverture des fronti\u00e8res aux migrants, tout en d\u00e9cidant la dissolution d&rsquo;une jeune fraternit\u00e9 de s\u00e9minaristes et de pr\u00eatres sous pr\u00e9texte qu&rsquo;elle est principalement compos\u00e9e de Fran\u00e7ais?<\/p>\n<p>Autre appauvrissement pour l&rsquo;Eglise \u00e0 Bruxelles, notamment en termes de perte des s\u00e9minaristes en stage dans nos \u00ab\u00a0paroisses\u00a0\u00bb: la fermeture de l&rsquo;IET. Ce n&rsquo;est pas le projet en cours (Cfr <em>Forum Saint Michel<\/em>) qui les ram\u00e8nera \u00e0 Bruxelles et dans nos \u00ab\u00a0paroisses\u00a0\u00bb.<\/p>\n<p><a href=\"http:\/\/www.cathobel.be\/2016\/02\/05\/mgr-de-kesel-a-rencontre-les-pretres-de-bruxelles\">http:\/\/www.cathobel.be\/2016\/02\/05\/mgr-de-kesel-a-rencontre-les-pretres-de-bruxelles<\/a><\/p>\n<h3>\u00a0-Cap missionnaire<\/h3>\n<p>Demander pardon aux Fraternit\u00e9s monastiques et sacerdotales expuls\u00e9es, voire injustement dissoutes\u00a0 pr\u00e9parer leur r\u00e9habilitation et retour, encourager les pr\u00eatres en fonction.<\/p>\n<p>Accueillir avec reconnaissance, pr\u00eatres et s\u00e9minaristes,\u00a0\u00e9trangers inclus, au s\u00e9minaire et dans le presbyterium bruxellois.<\/p>\n<p>Encourager (?) non pas l&rsquo;ordination de jeunes hommes mari\u00e9s mais le diaconat d&rsquo;hommes d&rsquo;\u00e2ge mur<\/p>\n<p>Ouvrir nos fronti\u00e8res, accueillir g\u00e9n\u00e9reusement d\u2019autres communaut\u00e9s religieuses et sacerdotales \u00e0 Bruxelles,au c\u0153ur de l\u2019Europe, pour y insuffler un dynamisme vraiment missionnaire avec et pour toutes les nations.<\/p>\n<p>Abandonner les \u00ab\u00a0tournantes\u00a0\u00bb paroissiales mais encourager les entraides et les fraternit\u00e9s sacerdotales.<\/p>\n<p>Abandonner les statuts de \u00ab\u00a0r\u00e9f\u00e9rents\u00a0\u00bb et d\u2019\u00a0\u00ab\u00a0administrateurs\u00a0\u00bb mais redonner des statuts de <em>cur\u00e9s<\/em> (pour le \u00ab\u00a0soin des \u00e2mes\u00a0\u00bb) et de vicaires, r\u00e9unis en fraternit\u00e9 sacerdotale autour de leurs \u00e9v\u00eaques.<\/p>\n<p>Remettre nos paroisses (ou Unit\u00e9s Pastorales) sous la responsabilit\u00e9 de cur\u00e9s et de leurs vicaires.Puisque Bruxelles n&rsquo;est pas dans une situation de <em>p\u00e9nurie de pr\u00eatres<\/em> (Can 517,2) les nominations de la\u00efcs et religieses ne se justifient pas et ne sont donc pas canoniques.<\/p>\n<p><span style=\"color: #ff6600\">Conclusions: Ouvrir nos fronti\u00e8res, (RE)<b>accueillir les nouvelles vocations (\u00e9trang\u00e8res y compris), communaut\u00e9s religieuses et sacerdotales<\/b>\u00a0qui ont \u00e9t\u00e9 injustement chass\u00e9es ou dissoutes, et en accueillir de nouvelles. Redonner la place et fonction aux pr\u00eatres comme\u00a0<i>cur\u00e9s<\/i>\u00a0ou\u00a0<i>vicaires<\/i>\u00a0(et non plus comme <em>administrateurs<\/em> ou <em>r\u00e9f\u00e9rents<\/em>).<\/span>[\/vc_column_text][\/vc_column][\/vc_row][vc_row][vc_column][vc_column_text]<\/p>\n<h3><span style=\"color: #0000ff\">2. Annexes<\/span><\/h3>\n<h3>&#8211; <a href=\"http:\/\/plug.izone.be\/cap-ciel-bxl\/wp-content\/uploads\/sites\/13\/2018\/04\/Fraternit\u00e9s-Monastiques-de-J\u00e9rusalem.pdf\">Les Fraternit\u00e9s Monastiques de J\u00e9rusalem<\/a><\/h3>\n<h3>&#8211; La Fraternit\u00e9 des Saints Ap\u00f4tres: derni\u00e8res nouvelles<\/h3>\n<ul>\n<li><a href=\"http:\/\/plug.izone.be\/cap-ciel-bxl\/wp-content\/uploads\/sites\/13\/2018\/06\/Charte-FSA.pdf\">Charte<\/a><\/li>\n<li><a class=\"dt-pswp-item\" href=\"http:\/\/plug.izone.be\/cap-ciel-bxl\/wp-content\/uploads\/sites\/13\/2018\/06\/photo-frat-sts-apotres.jpg\"><img loading=\"lazy\" decoding=\"async\" class=\"alignnone size-medium wp-image-524\" src=\"http:\/\/plug.izone.be\/cap-ciel-bxl\/wp-content\/uploads\/sites\/13\/2018\/06\/photo-frat-sts-apotres-300x200.jpg\" alt=\"\" width=\"300\" height=\"200\" srcset=\"http:\/\/plug.izone.be\/cap-ciel-bxl\/wp-content\/uploads\/sites\/13\/2018\/06\/photo-frat-sts-apotres-300x200.jpg 300w, http:\/\/plug.izone.be\/cap-ciel-bxl\/wp-content\/uploads\/sites\/13\/2018\/06\/photo-frat-sts-apotres-768x512.jpg 768w, http:\/\/plug.izone.be\/cap-ciel-bxl\/wp-content\/uploads\/sites\/13\/2018\/06\/photo-frat-sts-apotres.jpg 960w\" sizes=\"auto, (max-width: 300px) 100vw, 300px\" \/><\/a><\/li>\n<li><a href=\"http:\/\/plug.izone.be\/cap-ciel-bxl\/wp-content\/uploads\/sites\/13\/2018\/06\/DECRET-DISSOLUTION-FSA.pdf\">D\u00e9cret Dissolution<\/a><\/li>\n<li>\n<p style=\"font-weight: 400\">Plus de 300 recours canonique\u00a0; plus de 3500 signatures de soutien le temps d\u2019un \u00e9t\u00e9 :\u00a0<a href=\"https:\/\/www.change.org\/p\/mgr-j-de-kesel-non-%C3%A0-la-dissolution-de-la-fraternit%C3%A9-des-saints-ap%C3%B4tres-oui-%C3%A0-son-maintien-dans-l-eglise-de-belgique\">https:\/\/www.change.org\/p\/mgr-j-de-kesel-non-\u00e0-la-dissolution-de-la-fraternit\u00e9-des-saints-ap\u00f4tres-oui-\u00e0-son-maintien-dans-l-eglise-de-belgique<\/a><\/p>\n<\/li>\n<li><a href=\"http:\/\/plug.izone.be\/cap-ciel-bxl\/wp-content\/uploads\/sites\/13\/2018\/06\/Questions-autour-de-lunique-motif.pdf\">Questions autour de l\u2019unique motif<\/a><\/li>\n<li><a href=\"http:\/\/plug.izone.be\/cap-ciel-bxl\/wp-content\/uploads\/sites\/13\/2018\/06\/Deni-de-justice-Marco-Tosatti.pdf\">D\u00e9ni de justice<\/a><\/li>\n<li><a href=\"http:\/\/plug.izone.be\/cap-ciel-bxl\/wp-content\/uploads\/sites\/13\/2018\/06\/Relecture-g\u00e9n\u00e9rale-juin-2018.pdf\">Relecture g\u00e9n\u00e9rale<\/a><\/li>\n<\/ul>\n<p>[\/vc_column_text][\/vc_column][\/vc_row]<\/p>\n","protected":false},"excerpt":{"rendered":"<p>[vc_row][vc_column][vc_column_text] 1. Changeons de cap -Cap actuel Une fraternit\u00e9 monastique et une fraternit\u00e9 sacerdotale, toutes deux jeunes, dynamiques et rayonnantes ont r\u00e9cemment \u00e9t\u00e9 meurtries et dispers\u00e9es par nos \u00e9v\u00eaques et leurs collaborateurs.\u00a0 Certes, la petite communaut\u00e9 du Verbe de Vie a \u00e9t\u00e9 accueillie dans la maisonn\u00e9e Saint-Gilloise d\u00e9sert\u00e9e par les moniales , mais au prix [&hellip;]<\/p>\n","protected":false},"author":1,"featured_media":0,"parent":61,"menu_order":0,"comment_status":"closed","ping_status":"closed","template":"","meta":{"_et_pb_use_builder":"","_et_pb_old_content":"","_et_gb_content_width":"","footnotes":""},"class_list":["post-149","page","type-page","status-publish","hentry"],"_links":{"self":[{"href":"http:\/\/plug.izone.be\/cap-ciel-bxl\/wp-json\/wp\/v2\/pages\/149","targetHints":{"allow":["GET"]}}],"collection":[{"href":"http:\/\/plug.izone.be\/cap-ciel-bxl\/wp-json\/wp\/v2\/pages"}],"about":[{"href":"http:\/\/plug.izone.be\/cap-ciel-bxl\/wp-json\/wp\/v2\/types\/page"}],"author":[{"embeddable":true,"href":"http:\/\/plug.izone.be\/cap-ciel-bxl\/wp-json\/wp\/v2\/users\/1"}],"replies":[{"embeddable":true,"href":"http:\/\/plug.izone.be\/cap-ciel-bxl\/wp-json\/wp\/v2\/comments?post=149"}],"version-history":[{"count":23,"href":"http:\/\/plug.izone.be\/cap-ciel-bxl\/wp-json\/wp\/v2\/pages\/149\/revisions"}],"predecessor-version":[{"id":613,"href":"http:\/\/plug.izone.be\/cap-ciel-bxl\/wp-json\/wp\/v2\/pages\/149\/revisions\/613"}],"up":[{"embeddable":true,"href":"http:\/\/plug.izone.be\/cap-ciel-bxl\/wp-json\/wp\/v2\/pages\/61"}],"wp:attachment":[{"href":"http:\/\/plug.izone.be\/cap-ciel-bxl\/wp-json\/wp\/v2\/media?parent=149"}],"curies":[{"name":"wp","href":"https:\/\/api.w.org\/{rel}","templated":true}]}}