{"id":15,"date":"2018-03-13T23:27:11","date_gmt":"2018-03-13T22:27:11","guid":{"rendered":"http:\/\/plug.izone.be\/cap-ciel-bxl\/?page_id=15"},"modified":"2018-12-15T11:33:24","modified_gmt":"2018-12-15T10:33:24","slug":"qui-sommes-nous","status":"publish","type":"page","link":"http:\/\/plug.izone.be\/cap-ciel-bxl\/qui-sommes-nous\/","title":{"rendered":"Qui sommes-nous\u00a0?"},"content":{"rendered":"<p>[vc_row][vc_column][vc_column_text css=\u00a0\u00bb.vc_custom_1540978527091{border-top-width: 5px !important;border-right-width: 5px !important;border-bottom-width: 5px !important;border-left-width: 5px !important;padding-top: 15px !important;padding-right: 15px !important;padding-bottom: 15px !important;padding-left: 15px !important;background-color: #eeee22 !important;border-left-color: #ffffff !important;border-left-style: dashed !important;border-right-color: #ffffff !important;border-right-style: dashed !important;border-top-color: #ffffff !important;border-top-style: dashed !important;border-bottom-color: #ffffff !important;border-bottom-style: dashed !important;}\u00a0\u00bb]<\/p>\n<h4>Des chr\u00e9tiens et citoyens ordinaires des 4 coins de Bruxelles, de Belgique et d\u2019Europe, se sont r\u00e9veill\u00e9s et mobilis\u00e9s fin 2011, pour emp\u00eacher la d\u00e9sacralisation de l\u2019\u00e9glise Sainte-Catherine, \u00e9glise historique et embl\u00e9matique au c\u0153ur de la ville.<\/h4>\n<h4>Dans la foul\u00e9e, ils ont pris conscience du projet de r\u00e9affectations massives des \u00e9glises de Bruxelles par les autorit\u00e9s du dioc\u00e8se et du vicariat de Bruxelles, projet d\u00e9menti, mais qui , selon une politique plus subtile, se confirme sans cesse\u00a0 depuis lors.<\/h4>\n<p>&nbsp;[\/vc_column_text][vc_column_text]Ils veulent assumer librement leurs responsabilit\u00e9s chr\u00e9tiennes en temps que\u00a0 \u00ab\u00a0fid\u00e8les la\u00efcs appel\u00e9s \u00e0 g\u00e9rer les biens temporels \u00e0 ordonner selon Dieu\u00a0\u00bb (LG 31), et user du <span style=\"color: #000000\">droit que leur conf\u00e8re l&rsquo;Eglise, \u00ab\u00a0et m\u00eame parfois le devoir de donner aux Pasteurs sacr\u00e9s leur opinion sur ce qui touche le bien de l&rsquo;Eglise et de la faire connaitre aux autres fid\u00e8les \u00a0\u00bb (Can 212).<\/span><\/p>\n<p><span style=\"color: #000000\">Ils veulent aussi assumer leurs responsabilit\u00e9s citoyennes et le droit que leur conf\u00e8re un Etat d\u00e9mocratique de se prononcer et d&rsquo;agir pour le \u00ab\u00a0bien commun\u00a0\u00bb, notamment en ce qui concerne les questions patrimoniales et cultuelles.\u00a0<\/span><\/p>\n<p>ils ont depuis lors multipli\u00e9 \u00e9tudes, visites, r\u00e9unions, colloques, communiqu\u00e9s, articles,recours, contacts politiques, contacts eccl\u00e9siastiques, etc, sous la houlette d&rsquo;un Collectif\u00a0 inter-paroissial encore informel \u00e0 ce jour, attentifs \u00e0 chercher non seulement le bien des usagers des \u00e9glises mais aussi le \u00ab\u00a0bien commun\u00a0\u00bb.<\/p>\n<p>Ils ont r\u00e9guli\u00e8rement offert leur aide \u00e0 leurs \u00e9v\u00eaques, aide qui fut par ailleurs accueillie pour certains d&rsquo;entre eux.<\/p>\n<p>Nous invitons toute personne qui souhaite participer \u00e0 nos r\u00e9unions \u00e0 se signaler par un courriel \u00e0 l&rsquo;adresse:<b><u><span style=\"color: #000120\"> eglisemissionnairebxl@gmail.com<\/span><\/u><\/b><\/p>\n<p>&nbsp;[\/vc_column_text][\/vc_column][\/vc_row]<\/p>\n","protected":false},"excerpt":{"rendered":"<p>[vc_row][vc_column][vc_column_text css=\u00a0\u00bb.vc_custom_1540978527091{border-top-width: 5px !important;border-right-width: 5px !important;border-bottom-width: 5px !important;border-left-width: 5px !important;padding-top: 15px !important;padding-right: 15px !important;padding-bottom: 15px !important;padding-left: 15px !important;background-color: #eeee22 !important;border-left-color: #ffffff !important;border-left-style: dashed !important;border-right-color: #ffffff !important;border-right-style: dashed !important;border-top-color: #ffffff !important;border-top-style: dashed !important;border-bottom-color: #ffffff !important;border-bottom-style: dashed !important;}\u00a0\u00bb] Des chr\u00e9tiens et citoyens ordinaires des 4 coins de Bruxelles, de Belgique et d\u2019Europe, se sont r\u00e9veill\u00e9s et mobilis\u00e9s [&hellip;]<\/p>\n","protected":false},"author":12,"featured_media":0,"parent":0,"menu_order":0,"comment_status":"closed","ping_status":"closed","template":"","meta":{"_et_pb_use_builder":"","_et_pb_old_content":"","_et_gb_content_width":"","footnotes":""},"class_list":["post-15","page","type-page","status-publish","hentry"],"_links":{"self":[{"href":"http:\/\/plug.izone.be\/cap-ciel-bxl\/wp-json\/wp\/v2\/pages\/15","targetHints":{"allow":["GET"]}}],"collection":[{"href":"http:\/\/plug.izone.be\/cap-ciel-bxl\/wp-json\/wp\/v2\/pages"}],"about":[{"href":"http:\/\/plug.izone.be\/cap-ciel-bxl\/wp-json\/wp\/v2\/types\/page"}],"author":[{"embeddable":true,"href":"http:\/\/plug.izone.be\/cap-ciel-bxl\/wp-json\/wp\/v2\/users\/12"}],"replies":[{"embeddable":true,"href":"http:\/\/plug.izone.be\/cap-ciel-bxl\/wp-json\/wp\/v2\/comments?post=15"}],"version-history":[{"count":28,"href":"http:\/\/plug.izone.be\/cap-ciel-bxl\/wp-json\/wp\/v2\/pages\/15\/revisions"}],"predecessor-version":[{"id":618,"href":"http:\/\/plug.izone.be\/cap-ciel-bxl\/wp-json\/wp\/v2\/pages\/15\/revisions\/618"}],"wp:attachment":[{"href":"http:\/\/plug.izone.be\/cap-ciel-bxl\/wp-json\/wp\/v2\/media?parent=15"}],"curies":[{"name":"wp","href":"https:\/\/api.w.org\/{rel}","templated":true}]}}