{"id":150,"date":"2018-03-18T19:13:59","date_gmt":"2018-03-18T18:13:59","guid":{"rendered":"http:\/\/plug.izone.be\/cap-ciel-bxl\/?page_id=150"},"modified":"2018-06-25T20:00:37","modified_gmt":"2018-06-25T18:00:37","slug":"supplique","status":"publish","type":"page","link":"http:\/\/plug.izone.be\/cap-ciel-bxl\/supplique\/","title":{"rendered":"Supplique"},"content":{"rendered":"<p>[vc_row][vc_column][vc_column_text]&nbsp;<\/p>\n<p><span style=\"color: #008080\"><strong>Renvoyez nous s&rsquo;il vous plait par mail les demandes que vous voulez soutenir<\/strong><\/span><\/p>\n<p>ex: Jean Dubois- Anderlecht- 1-3-5<\/p>\n<table border=\"1\" width=\"604\" cellspacing=\"0\" cellpadding=\"0\">\n<colgroup>\n<col width=\"21\" \/>\n<col width=\"91\" \/>\n<col width=\"466\" \/>\n<col width=\"23\" \/> <\/colgroup>\n<tbody>\n<tr valign=\"TOP\">\n<td width=\"21\">\n<p align=\"JUSTIFY\">1<\/p>\n<\/td>\n<td width=\"91\">\n<p align=\"JUSTIFY\">Paroisses<\/p>\n<\/td>\n<td width=\"466\">\n<p align=\"JUSTIFY\">&#8211;<span style=\"color: #c45911\"><b>Maintenir toutes nos paroisses<\/b><\/span> et encourager leurs collaborations souples et libres (et non pas les fusionner, les supprimer ou les fondre dans des Unit\u00e9s Pastorales rigides et artificielles). Paroisse et UP peuvent toutefois co-exister.<\/p>\n<\/td>\n<td width=\"23\">\n<p align=\"JUSTIFY\"><b>x<\/b><\/p>\n<\/td>\n<\/tr>\n<tr valign=\"TOP\">\n<td width=\"21\">\n<p align=\"JUSTIFY\">2<\/p>\n<\/td>\n<td width=\"91\">\n<p align=\"JUSTIFY\">Eglises<\/p>\n<\/td>\n<td width=\"466\">\n<p align=\"JUSTIFY\">&#8211;<span style=\"color: #c45911\"><b>Garder toutes nos chapelles et \u00e9glises<\/b><\/span> comme lieux de culte (et non es vendre, ni les r\u00e9affecter; encourager les pr\u00eatres \u00e0 ouvrir et remplir leurs \u00e9glises (et non plus \u00e0 les fermer et \u00e0 les vider).<\/p>\n<\/td>\n<td width=\"23\">\n<p align=\"JUSTIFY\"><b>x<\/b><\/p>\n<\/td>\n<\/tr>\n<tr valign=\"TOP\">\n<td width=\"21\">\n<p align=\"JUSTIFY\">3<\/p>\n<\/td>\n<td width=\"91\">\n<p align=\"JUSTIFY\">Cath\u00e9drale<\/p>\n<\/td>\n<td width=\"466\">\n<p align=\"JUSTIFY\">&#8211;<span style=\"color: #c45911\"><b>R\u00e9tablir et resacraliser la chapelle du Saint-Sacrement<\/b><\/span> dans la Cath\u00e9drale de Bruxelles, avec ses \u00ab\u00a0hosties miraculeuses\u00a0\u00bb v\u00e9n\u00e9r\u00e9es pendant 650 ans (et y fermer son mus\u00e9e payant)<\/p>\n<\/td>\n<td width=\"23\">\n<p align=\"JUSTIFY\"><b>x<\/b><\/p>\n<\/td>\n<\/tr>\n<tr valign=\"TOP\">\n<td width=\"21\">\n<p align=\"JUSTIFY\">4<\/p>\n<\/td>\n<td width=\"91\">\n<p align=\"JUSTIFY\">Sacrements<\/p>\n<\/td>\n<td width=\"466\">\n<p align=\"JUSTIFY\">&#8211;<span style=\"color: #c45911\"><b>Encourager le don des sacrements aux enfants<\/b><\/span><span style=\"color: #c45911\">\u00a0<\/span>: du bapt\u00eame aux b\u00e9b\u00e9s, et de la R\u00e9conciliation, de l\u2019Eucharistie et de la Confirmation aux enfants (et non plus attendre l\u2019adolescence)<\/p>\n<\/td>\n<td width=\"23\">\n<p align=\"JUSTIFY\"><b>x<\/b><\/p>\n<\/td>\n<\/tr>\n<tr valign=\"TOP\">\n<td width=\"21\">\n<p align=\"JUSTIFY\">5<\/p>\n<\/td>\n<td width=\"91\">\n<p align=\"JUSTIFY\">Vie religieuse et sacerdotale<\/p>\n<\/td>\n<td width=\"466\">\n<p align=\"JUSTIFY\">-Ouvrir nos fronti\u00e8res, (RE)<span style=\"color: #c45911\"><b>accueillir les nouvelles vocations (\u00e9trang\u00e8res y compris), communaut\u00e9s religieuses et sacerdotales<\/b><\/span> qui ont \u00e9t\u00e9 injustement chass\u00e9es ou dissoutes, et en accueillir de nouvelles. Redonner sa place aux pr\u00eatres comme <i>cur\u00e9s<\/i> ou <i>vicaires<\/i> (et non plus comme \u00ab\u00a0administrateurs\u00a0\u00bb ou \u00ab\u00a0r\u00e9f\u00e9rents\u00a0\u00bb)<\/p>\n<\/td>\n<td width=\"23\">\n<p align=\"JUSTIFY\"><b>x<\/b><\/p>\n<\/td>\n<\/tr>\n<\/tbody>\n<\/table>\n<p>[\/vc_column_text][\/vc_column][\/vc_row]<\/p>\n","protected":false},"excerpt":{"rendered":"<p>[vc_row][vc_column][vc_column_text]&nbsp; Renvoyez nous s&rsquo;il vous plait par mail les demandes que vous voulez soutenir ex: Jean Dubois- Anderlecht- 1-3-5 1 Paroisses &#8211;Maintenir toutes nos paroisses et encourager leurs collaborations souples et libres (et non pas les fusionner, les supprimer ou les fondre dans des Unit\u00e9s Pastorales rigides et artificielles). Paroisse et UP peuvent toutefois co-exister. [&hellip;]<\/p>\n","protected":false},"author":1,"featured_media":0,"parent":0,"menu_order":0,"comment_status":"closed","ping_status":"closed","template":"","meta":{"_et_pb_use_builder":"","_et_pb_old_content":"","_et_gb_content_width":"","footnotes":""},"class_list":["post-150","page","type-page","status-publish","hentry"],"_links":{"self":[{"href":"http:\/\/plug.izone.be\/cap-ciel-bxl\/wp-json\/wp\/v2\/pages\/150","targetHints":{"allow":["GET"]}}],"collection":[{"href":"http:\/\/plug.izone.be\/cap-ciel-bxl\/wp-json\/wp\/v2\/pages"}],"about":[{"href":"http:\/\/plug.izone.be\/cap-ciel-bxl\/wp-json\/wp\/v2\/types\/page"}],"author":[{"embeddable":true,"href":"http:\/\/plug.izone.be\/cap-ciel-bxl\/wp-json\/wp\/v2\/users\/1"}],"replies":[{"embeddable":true,"href":"http:\/\/plug.izone.be\/cap-ciel-bxl\/wp-json\/wp\/v2\/comments?post=150"}],"version-history":[{"count":8,"href":"http:\/\/plug.izone.be\/cap-ciel-bxl\/wp-json\/wp\/v2\/pages\/150\/revisions"}],"predecessor-version":[{"id":537,"href":"http:\/\/plug.izone.be\/cap-ciel-bxl\/wp-json\/wp\/v2\/pages\/150\/revisions\/537"}],"wp:attachment":[{"href":"http:\/\/plug.izone.be\/cap-ciel-bxl\/wp-json\/wp\/v2\/media?parent=150"}],"curies":[{"name":"wp","href":"https:\/\/api.w.org\/{rel}","templated":true}]}}