{"id":18,"date":"2018-03-13T23:27:51","date_gmt":"2018-03-13T22:27:51","guid":{"rendered":"http:\/\/plug.izone.be\/cap-ciel-bxl\/?page_id=18"},"modified":"2021-08-20T23:53:22","modified_gmt":"2021-08-20T21:53:22","slug":"cap-ciel-bxl","status":"publish","type":"page","link":"http:\/\/plug.izone.be\/cap-ciel-bxl\/","title":{"rendered":"Cap Ciel BXL"},"content":{"rendered":"<p>[vc_row full_width=\u00a0\u00bbstretch_row\u00a0\u00bb gap=\u00a0\u00bb10&Prime; content_placement=\u00a0\u00bbmiddle\u00a0\u00bb parallax=\u00a0\u00bbcontent-moving\u00a0\u00bb css=\u00a0\u00bb.vc_custom_1585842795762{padding-top: 20px !important;padding-bottom: 20px !important;background: #eaeaea url(http:\/\/plug.izone.be\/cap-ciel-bxl\/wp-content\/uploads\/sites\/13\/2018\/03\/cropped-sky-1441936_1920.jpg?id=44);}\u00a0\u00bb][vc_column width=\u00a0\u00bb2\/3&Prime;][vc_custom_heading text=\u00a0\u00bbPour une Eglise missionnaire \u00e0 Bruxelles, au c\u0153ur de l\u2019Europe\u00a0\u00bb font_container=\u00a0\u00bbtag:h2|font_size:60|text_align:left|color:%230066bf\u00a0\u00bb use_theme_fonts=\u00a0\u00bbyes\u00a0\u00bb css_animation=\u00a0\u00bbfadeInUp\u00a0\u00bb][vc_column_text css_animation=\u00a0\u00bbnone\u00a0\u00bb]<\/p>\n<h4 style=\"text-align: left;\" align=\"CENTER\"><span style=\"color: #1a1334;\"><span style=\"color: #ff0000;\">Halte \u00e0 la politique de la d\u00e9croissance, <\/span><\/span><\/h4>\n<h4 style=\"text-align: left;\" align=\"CENTER\"><span style=\"color: #008000;\">cap vers la pastorale de l&rsquo;esp\u00e9rance!<\/span><\/h4>\n<h4 style=\"text-align: left;\" align=\"CENTER\"><span style=\"color: #ff0000;\">Halte \u00e0 la politique de la r\u00e9duction ou suppression des paroisses, des \u00e9glises, des miracles reconnus, des fraternit\u00e9s religieuses et sacerdotales, des sacrements durant l&rsquo;enfance, &#8230;<\/span><\/h4>\n<h4 style=\"text-align: left;\" align=\"CENTER\"><span style=\"color: #008000;\"><strong>Cap vers la pastorale du don et de la multiplication\u00a0!<\/strong><\/span><\/h4>\n<p>[\/vc_column_text][\/vc_column][vc_column css_animation=\u00a0\u00bbfadeIn\u00a0\u00bb width=\u00a0\u00bb1\/3&Prime;][dt_quote type=\u00a0\u00bbpullquote\u00a0\u00bb font_size=\u00a0\u00bbh3&Prime;]<\/p>\n<p style=\"text-align: right;\"><span style=\"color: #ffffff;\"><em><strong>Allez donc, et faites disciples toutes les nations,<br \/>\nles baptisant au nom du P\u00e8re, et du Fils, et du Saint-Esprit,<\/strong><\/em><\/span>[\/dt_quote][vc_column_text]<\/p>\n<p style=\"text-align: right;\">Mt 28,19<\/p>\n<p>[\/vc_column_text][\/vc_column][\/vc_row][vc_row gap=\u00a0\u00bb30&Prime; full_height=\u00a0\u00bbyes\u00a0\u00bb columns_placement=\u00a0\u00bbbottom\u00a0\u00bb equal_height=\u00a0\u00bbyes\u00a0\u00bb parallax=\u00a0\u00bbcontent-moving-fade\u00a0\u00bb css_animation=\u00a0\u00bbzoomIn\u00a0\u00bb][vc_column width=\u00a0\u00bb1\/4&Prime; css=\u00a0\u00bb.vc_custom_1521403402331{border-top-width: 5px !important;border-right-width: 5px !important;border-bottom-width: 5px !important;border-left-width: 5px !important;}\u00a0\u00bb][vc_column_text css=\u00a0\u00bb.vc_custom_1585843290525{border-top-width: 30px !important;padding-top: 30px !important;padding-right: 30px !important;padding-bottom: 30px !important;padding-left: 30px !important;background-color: #38c3d8 !important;border-top-color: #dd3333 !important;}\u00a0\u00bb]<\/p>\n<h4><a href=\"http:\/\/plug.izone.be\/cap-ciel-bxl\/accueil\/\">Accueil<\/a><\/h4>\n<p>[\/vc_column_text][vc_column_text css=\u00a0\u00bb.vc_custom_1540978429048{padding-top: 30px !important;padding-right: 30px !important;padding-bottom: 30px !important;padding-left: 30px !important;background-color: #fbbf45 !important;}\u00a0\u00bb]<\/p>\n<h4><a href=\"http:\/\/plug.izone.be\/cap-ciel-bxl\/changer-de-cap\/\">5 DOSSIERS<\/a><\/h4>\n<p><a href=\"http:\/\/plug.izone.be\/cap-ciel-bxl\/changer-de-cap\/paroisses\/\"><span style=\"color: #0000ff\"><b>-Maintenir toutes nos PAROISSES<\/b><\/span><\/a><\/p>\n<p><a href=\"http:\/\/plug.izone.be\/cap-ciel-bxl\/changer-de-cap\/eglises\/\"><span style=\"color: #0000ff\"><b>-Garder nos EGLISES<\/b><\/span><\/a><\/p>\n<p><a href=\"http:\/\/plug.izone.be\/cap-ciel-bxl\/changer-de-cap\/cathedrale\/\"><span style=\"color: #0000ff\"><b>-V\u00e9n\u00e9rer la m\u00e9moire des HOSTIES MIRACULEUSES<\/b><\/span><\/a><\/p>\n<p><a href=\"http:\/\/plug.izone.be\/cap-ciel-bxl\/changer-de-cap\/vie-religieuse-et-sacerdoce\/\"><span style=\"color: #0000ff\"><b>-Accueillir les Frat RELIGIEUSES et SACERDOTALES\u00a0<\/b><\/span><\/a><\/p>\n<p><a href=\"http:\/\/plug.izone.be\/cap-ciel-bxl\/changer-de-cap\/sacrements\/\"><span style=\"color: #0000ff\"><b>-Donner les SACREMENTS pendant l&rsquo;enfance\u00a0<\/b><\/span><\/a>[\/vc_column_text][\/vc_column][vc_column width=\u00a0\u00bb1\/4&Prime;][vc_column_text css=\u00a0\u00bb.vc_custom_1521412855353{padding-top: 30px !important;padding-right: 30px !important;padding-bottom: 30px !important;padding-left: 30px !important;background-color: #eeee22 !important;}\u00a0\u00bb]<\/p>\n<h4><a href=\"http:\/\/plug.izone.be\/cap-ciel-bxl\/qui-sommes-nous\/\">Qui sommes-nous?<\/a><\/h4>\n<p>[\/vc_column_text][vc_column_text css=\u00a0\u00bb.vc_custom_1522967510290{padding-top: 30px !important;padding-right: 30px !important;padding-bottom: 30px !important;padding-left: 30px !important;background-color: #1e73be !important;}\u00a0\u00bb]<\/p>\n<h4><a href=\"http:\/\/plug.izone.be\/cap-ciel-bxl\/choisis-donc-la-vie\/\">Changeons de cap!<\/a><\/h4>\n<p>[\/vc_column_text][\/vc_column][vc_column width=\u00a0\u00bb1\/4&Prime;][vc_column_text css=\u00a0\u00bb.vc_custom_1585843253773{padding-top: 30px !important;padding-right: 30px !important;padding-bottom: 30px !important;padding-left: 30px !important;background-color: #ff5328 !important;}\u00a0\u00bb]<\/p>\n<h4><a href=\"http:\/\/plug.izone.be\/cap-ciel-bxl\/que-voulons-nous\/\">Que voulons-nous?<\/a><\/h4>\n<p>[\/vc_column_text][vc_column_text css=\u00a0\u00bb.vc_custom_1585843272983{padding-top: 30px !important;padding-right: 30px !important;padding-bottom: 30px !important;padding-left: 30px !important;background-color: #78cc12 !important;}\u00a0\u00bb]<\/p>\n<h4><a href=\"http:\/\/plug.izone.be\/cap-ciel-bxl\/supplique\/\">Supplique<\/a><\/h4>\n<p>[\/vc_column_text][\/vc_column][vc_column width=\u00a0\u00bb1\/4&Prime;][dt_fancy_title title=\u00a0\u00bbNouveau !\u00a0\u00bb title_size=\u00a0\u00bbh1&Prime; title_color=\u00a0\u00bbcustom\u00a0\u00bb custom_title_color=\u00a0\u00bb#dd0000&Prime;][vc_hoverbox image=\u00a0\u00bb207&Prime; primary_title=\u00a0\u00bb\u00a0\u00bb primary_align=\u00a0\u00bbjustify\u00a0\u00bb hover_title=\u00a0\u00bbLivre\u00a0\u00bb shape=\u00a0\u00bbsquare\u00a0\u00bb]<a href=\"http:\/\/plug.izone.be\/cap-ciel-bxl\/changer-de-cap\/cathedrale\/#livre\" target=\"_blank\" rel=\"noopener noreferrer\"><img loading=\"lazy\" decoding=\"async\" src=\"http:\/\/plug.izone.be\/cap-ciel-bxl\/wp-content\/uploads\/sites\/13\/2018\/03\/Un-miracle-eucharistique-\u00e0-Bruxelles-meconnu-2.jpg\" alt=\"\" width=\"199\" height=\"281\" \/><\/a>[\/vc_hoverbox][vc_message css_animation=\u00a0\u00bbslideInLeft\u00a0\u00bb]<b>D\u00e9p\u00f4ts et Visites guid\u00e9es voir\u00a0<a href=\"http:\/\/plug.izone.be\/cap-ciel-bxl\/changer-de-cap\/cathedrale\/\">CATH\u00c9DRALE<\/a><\/b>[\/vc_message][\/vc_column][\/vc_row][vc_row][vc_column][vc_column_text]<\/p>\n<h5>Ici, pour m\u00e9moire, la lettre \u00ab\u00a0des 80\u00a0\u00bb \u00e0 nos \u00e9v\u00eaques (et leur r\u00e9ponse) : \u00ab\u00a0ne supprimons pas nos paroisses, nos \u00e9glises paroissiales et les sacrements de l&rsquo;enfance!\u00a0\u00bb<\/h5>\n<h3 style=\"font-weight: 400;\"><\/h3>\n<p style=\"font-weight: 400;\"><strong>[dt_default_button link=\u00a0\u00bb\u00a0\u00bb button_alignment=\u00a0\u00bbdefault\u00a0\u00bb animation=\u00a0\u00bbfadeIn\u00a0\u00bb size=\u00a0\u00bbbig\u00a0\u00bb default_btn_bg_color=\u00a0\u00bb\u00a0\u00bb bg_hover_color=\u00a0\u00bb\u00a0\u00bb text_color=\u00a0\u00bb\u00a0\u00bb text_hover_color=\u00a0\u00bb\u00a0\u00bb icon=\u00a0\u00bbfa fa-chevron-circle-right\u00a0\u00bb icon_align=\u00a0\u00bbleft\u00a0\u00bb]<a href=\"http:\/\/plug.izone.be\/cap-ciel-bxl\/wp-content\/uploads\/sites\/13\/2018\/04\/LETTRE-DES-80-%C3%A0-Mgr-DK-e-MGR-K-et-REPONSES.pdf\">LETTRE DES 80 \u00e0 Mgr DK e MGR K et REPONSES<\/a> [\/dt_default_button]<\/strong><\/p>\n<p>[\/vc_column_text][\/vc_column][\/vc_row][vc_row parallax=\u00a0\u00bbcontent-moving-fade\u00a0\u00bb css_animation=\u00a0\u00bbfadeInDownBig\u00a0\u00bb][vc_column width=\u00a0\u00bb1\/3&Prime; css=\u00a0\u00bb.vc_custom_1521397792916{background-color: #fbbf45 !important;}\u00a0\u00bb][\/vc_column][vc_column width=\u00a0\u00bb1\/3&Prime; css=\u00a0\u00bb.vc_custom_1521397819052{background-color: #ef6a32 !important;}\u00a0\u00bb][\/vc_column][vc_column width=\u00a0\u00bb1\/3&Prime; css=\u00a0\u00bb.vc_custom_1521397830570{background-color: #ed0345 !important;}\u00a0\u00bb][\/vc_column][\/vc_row]<\/p>\n","protected":false},"excerpt":{"rendered":"<p>[vc_row full_width=\u00a0\u00bbstretch_row\u00a0\u00bb gap=\u00a0\u00bb10&Prime; content_placement=\u00a0\u00bbmiddle\u00a0\u00bb parallax=\u00a0\u00bbcontent-moving\u00a0\u00bb css=\u00a0\u00bb.vc_custom_1585842795762{padding-top: 20px !important;padding-bottom: 20px !important;background: #eaeaea url(http:\/\/plug.izone.be\/cap-ciel-bxl\/wp-content\/uploads\/sites\/13\/2018\/03\/cropped-sky-1441936_1920.jpg?id=44);}\u00a0\u00bb][vc_column width=\u00a0\u00bb2\/3&Prime;][vc_custom_heading text=\u00a0\u00bbPour une Eglise missionnaire \u00e0 Bruxelles, au c\u0153ur de l\u2019Europe\u00a0\u00bb font_container=\u00a0\u00bbtag:h2|font_size:60|text_align:left|color:%230066bf\u00a0\u00bb use_theme_fonts=\u00a0\u00bbyes\u00a0\u00bb css_animation=\u00a0\u00bbfadeInUp\u00a0\u00bb][vc_column_text css_animation=\u00a0\u00bbnone\u00a0\u00bb] Halte \u00e0 la politique de la d\u00e9croissance, cap vers la pastorale de l&rsquo;esp\u00e9rance! Halte \u00e0 la politique de la r\u00e9duction ou suppression des paroisses, des \u00e9glises, des miracles [&hellip;]<\/p>\n","protected":false},"author":12,"featured_media":0,"parent":0,"menu_order":0,"comment_status":"closed","ping_status":"closed","template":"","meta":{"_et_pb_use_builder":"","_et_pb_old_content":"","_et_gb_content_width":"","footnotes":""},"class_list":["post-18","page","type-page","status-publish","hentry"],"_links":{"self":[{"href":"http:\/\/plug.izone.be\/cap-ciel-bxl\/wp-json\/wp\/v2\/pages\/18","targetHints":{"allow":["GET"]}}],"collection":[{"href":"http:\/\/plug.izone.be\/cap-ciel-bxl\/wp-json\/wp\/v2\/pages"}],"about":[{"href":"http:\/\/plug.izone.be\/cap-ciel-bxl\/wp-json\/wp\/v2\/types\/page"}],"author":[{"embeddable":true,"href":"http:\/\/plug.izone.be\/cap-ciel-bxl\/wp-json\/wp\/v2\/users\/12"}],"replies":[{"embeddable":true,"href":"http:\/\/plug.izone.be\/cap-ciel-bxl\/wp-json\/wp\/v2\/comments?post=18"}],"version-history":[{"count":79,"href":"http:\/\/plug.izone.be\/cap-ciel-bxl\/wp-json\/wp\/v2\/pages\/18\/revisions"}],"predecessor-version":[{"id":651,"href":"http:\/\/plug.izone.be\/cap-ciel-bxl\/wp-json\/wp\/v2\/pages\/18\/revisions\/651"}],"wp:attachment":[{"href":"http:\/\/plug.izone.be\/cap-ciel-bxl\/wp-json\/wp\/v2\/media?parent=18"}],"curies":[{"name":"wp","href":"https:\/\/api.w.org\/{rel}","templated":true}]}}