{"id":5,"date":"2018-03-13T22:39:22","date_gmt":"2018-03-13T21:39:22","guid":{"rendered":"http:\/\/plug.izone.be\/cap-ciel-bxl\/?page_id=5"},"modified":"2018-10-30T18:07:42","modified_gmt":"2018-10-30T17:07:42","slug":"accueil","status":"publish","type":"page","link":"http:\/\/plug.izone.be\/cap-ciel-bxl\/accueil\/","title":{"rendered":"Accueil"},"content":{"rendered":"<p>[vc_row][vc_column][vc_column_text css=\u00a0\u00bb.vc_custom_1523814875696{border-top-width: 10px !important;border-right-width: 10px !important;border-bottom-width: 10px !important;border-left-width: 10px !important;padding-top: 15px !important;padding-right: 15px !important;padding-bottom: 15px !important;padding-left: 15px !important;background-color: #eeee22 !important;border-left-color: #ffffff !important;border-left-style: dashed !important;border-right-color: #ffffff !important;border-right-style: dashed !important;border-top-color: #ffffff !important;border-top-style: dashed !important;border-bottom-color: #ffffff !important;border-bottom-style: dashed !important;}\u00a0\u00bb]Des catholiques de Bruxelles, se l\u00e8vent pour encourager avec respect et ardeur leurs \u00e9v\u00eaques \u00e0 changer de cap pastoral\u00a0: <strong>passons tous ensemble d\u2019une politique de la d\u00e9croissance et de l\u2019auto-r\u00e9duction, \u00e0 une nouvelle pastorale de la croissance et du don, r\u00e9ellement \u00e9vang\u00e9lique et missionnaire<\/strong>.[\/vc_column_text][vc_column_text]Ils ne veulent pas se r\u00e9signer \u00e0 une pastorale concentrationiste (anachronique \u00e0 l&rsquo;heure des services de proximit\u00e9) qui fond nos paroisses dans des entit\u00e9s d\u00e9mesur\u00e9es et anonymes (les UP), \u00e0 ne garder que quelques \u00ab\u00a0clochers\u00a0\u00bb et \u00ab\u00a0communaut\u00e9s signifiantes\u00a0\u00bb, \u00e0 \u00ab\u00a0chercher notre (petite) place \u00e0 c\u00f4t\u00e9 de l\u2019islam\u00a0\u00bb et autres \u00ab\u00a0convictions\u00a0\u00bb, \u00e0 chasser des communaut\u00e9s monastiques et sacerdotales trop rayonnantes, \u00e0 abandonner notre patrimoine religieux, \u00e0 r\u00e9duire les pr\u00eatres \u00e0 des \u00ab\u00a0administrateurs\u00a0\u00bb, \u00e0 les \u00e9puiser dans des \u00ab\u00a0tournantes\u00bb, \u00e0 les mettre sous la tutelle de la\u00efcs (de femmes, notamment), \u00e0 ne dispenser les premiers sacrements qu\u2019\u00e0 une \u00e9lite hyper-fid\u00e8le ou hyper-motiv\u00e9e pour les m\u00e9riter au terme d\u2019un long parcours complexe menant au seuil de l\u2019adolescence, etc.<\/p>\n<p>Ils ont voulu rassembler les 5 dossiers ici \u00e9voqu\u00e9s pour montrer que tout se tient: ce sont les m\u00eames qui ferment les \u00e9glises, suppriment les paroisses, \u00e9cartent des communaut\u00e9s monastiques contemplatives, chassent des pr\u00eatres trop \u00ab\u00a0identifi\u00e9s\u00a0\u00bb, veulent effacer la m\u00e9moire de faits miraculeux, retardent le don des sacrements, etc. Et ce sont les m\u00eames qui s&rsquo;y opposent &#8230;<\/p>\n<p>Ils appellent avec ferveur et en urgence un changement de cap pastoral, dans la dynamique \u00e9vang\u00e9lique, tourn\u00e9e vers la vie, la croissance, le don, l\u2019annonce et l\u2019extension de l\u2019Eglise \u00e0 Bruxelles, au c\u0153ur de l\u2019Europe.[\/vc_column_text][\/vc_column][\/vc_row][dt_quote type=\u00a0\u00bbpullquote\u00a0\u00bb animation=\u00a0\u00bbnone\u00a0\u00bb layout=\u00a0\u00bbleft\u00a0\u00bb size=\u00a0\u00bb1&Prime;]\u00ab\u00a0Allez donc, et faites disciples toutes les nations, les baptisant au nom du P\u00e8re et du Fils et du Saint-Esprit\u00a0\u00bb Mt 28,19[\/dt_quote][vc_row][vc_column][vc_column_text]<\/p><\/blockquote>\n<p>[\/vc_column_text][\/vc_column][\/vc_row]<\/p>\n","protected":false},"excerpt":{"rendered":"<p>[vc_row][vc_column][vc_column_text css=\u00a0\u00bb.vc_custom_1523814875696{border-top-width: 10px !important;border-right-width: 10px !important;border-bottom-width: 10px !important;border-left-width: 10px !important;padding-top: 15px !important;padding-right: 15px !important;padding-bottom: 15px !important;padding-left: 15px !important;background-color: #eeee22 !important;border-left-color: #ffffff !important;border-left-style: dashed !important;border-right-color: #ffffff !important;border-right-style: dashed !important;border-top-color: #ffffff !important;border-top-style: dashed !important;border-bottom-color: #ffffff !important;border-bottom-style: dashed !important;}\u00a0\u00bb]Des catholiques de Bruxelles, se l\u00e8vent pour encourager avec respect et ardeur leurs \u00e9v\u00eaques \u00e0 changer de cap pastoral\u00a0: passons [&hellip;]<\/p>\n","protected":false},"author":12,"featured_media":28,"parent":0,"menu_order":0,"comment_status":"closed","ping_status":"closed","template":"","meta":{"_et_pb_use_builder":"","_et_pb_old_content":"","_et_gb_content_width":"","footnotes":""},"class_list":["post-5","page","type-page","status-publish","has-post-thumbnail","hentry"],"_links":{"self":[{"href":"http:\/\/plug.izone.be\/cap-ciel-bxl\/wp-json\/wp\/v2\/pages\/5","targetHints":{"allow":["GET"]}}],"collection":[{"href":"http:\/\/plug.izone.be\/cap-ciel-bxl\/wp-json\/wp\/v2\/pages"}],"about":[{"href":"http:\/\/plug.izone.be\/cap-ciel-bxl\/wp-json\/wp\/v2\/types\/page"}],"author":[{"embeddable":true,"href":"http:\/\/plug.izone.be\/cap-ciel-bxl\/wp-json\/wp\/v2\/users\/12"}],"replies":[{"embeddable":true,"href":"http:\/\/plug.izone.be\/cap-ciel-bxl\/wp-json\/wp\/v2\/comments?post=5"}],"version-history":[{"count":28,"href":"http:\/\/plug.izone.be\/cap-ciel-bxl\/wp-json\/wp\/v2\/pages\/5\/revisions"}],"predecessor-version":[{"id":588,"href":"http:\/\/plug.izone.be\/cap-ciel-bxl\/wp-json\/wp\/v2\/pages\/5\/revisions\/588"}],"wp:featuredmedia":[{"embeddable":true,"href":"http:\/\/plug.izone.be\/cap-ciel-bxl\/wp-json\/wp\/v2\/media\/28"}],"wp:attachment":[{"href":"http:\/\/plug.izone.be\/cap-ciel-bxl\/wp-json\/wp\/v2\/media?parent=5"}],"curies":[{"name":"wp","href":"https:\/\/api.w.org\/{rel}","templated":true}]}}